{"id":2252,"date":"2025-06-18T01:07:25","date_gmt":"2025-06-18T01:07:25","guid":{"rendered":"https:\/\/facegestaosistemica.com.br\/?page_id=2252"},"modified":"2025-06-29T14:36:43","modified_gmt":"2025-06-29T14:36:43","slug":"silvana-zanin-medeiros","status":"publish","type":"page","link":"https:\/\/facegestaosistemica.com.br\/es\/silvana-zanin-medeiros\/","title":{"rendered":"Silvana Zanin Medeiros"},"content":{"rendered":"<div data-elementor-type=\"wp-page\" data-elementor-id=\"2252\" class=\"elementor elementor-2252\" data-elementor-post-type=\"page\">\n\t\t\t\t<div class=\"elementor-element elementor-element-65ccaceb e-flex e-con-boxed e-con e-parent\" data-id=\"65ccaceb\" data-element_type=\"container\" data-settings=\"{&quot;background_background&quot;:&quot;classic&quot;}\">\n\t\t\t\t\t<div class=\"e-con-inner\">\n\t\t<div class=\"elementor-element elementor-element-6451cd20 e-con-full e-flex e-con e-child\" data-id=\"6451cd20\" data-element_type=\"container\">\n\t\t\t\t<div class=\"elementor-element elementor-element-5b4c0167 elementor-invisible elementor-widget elementor-widget-heading\" data-id=\"5b4c0167\" data-element_type=\"widget\" data-settings=\"{&quot;_animation&quot;:&quot;fadeIn&quot;}\" data-widget_type=\"heading.default\">\n\t\t\t\t<div class=\"elementor-widget-container\">\n\t\t\t\t\t<h2 class=\"elementor-heading-title elementor-size-default\">Silvana Zanin Medeiros<\/h2>\t\t\t\t<\/div>\n\t\t\t\t<\/div>\n\t\t\t\t<div class=\"elementor-element elementor-element-ce4469e elementor-icon-list--layout-inline elementor-align-center elementor-list-item-link-full_width elementor-invisible elementor-widget elementor-widget-icon-list\" data-id=\"ce4469e\" data-element_type=\"widget\" data-settings=\"{&quot;_animation&quot;:&quot;fadeIn&quot;,&quot;_animation_delay&quot;:200}\" data-widget_type=\"icon-list.default\">\n\t\t\t\t<div class=\"elementor-widget-container\">\n\t\t\t\t\t\t\t<ul class=\"elementor-icon-list-items elementor-inline-items\">\n\t\t\t\t\t\t\t<li class=\"elementor-icon-list-item elementor-inline-item\">\n\t\t\t\t\t\t\t\t\t\t\t<a href=\"https:\/\/facegestaosistemica.com.br\/es\">\n\n\t\t\t\t\t\t\t\t\t\t\t<span class=\"elementor-icon-list-text\">Home<\/span>\n\t\t\t\t\t\t\t\t\t\t\t<\/a>\n\t\t\t\t\t\t\t\t\t<\/li>\n\t\t\t\t\t\t\t\t<li class=\"elementor-icon-list-item elementor-inline-item\">\n\t\t\t\t\t\t\t\t\t\t\t<a href=\"https:\/\/facegestaosistemica.com.br\/es\/silvana-zanin-medeiros\/\">\n\n\t\t\t\t\t\t\t\t\t\t\t\t<span class=\"elementor-icon-list-icon\">\n\t\t\t\t\t\t\t<i aria-hidden=\"true\" class=\"icon icon-right-arrow1\"><\/i>\t\t\t\t\t\t<\/span>\n\t\t\t\t\t\t\t\t\t\t<span class=\"elementor-icon-list-text\">Sobre<\/span>\n\t\t\t\t\t\t\t\t\t\t\t<\/a>\n\t\t\t\t\t\t\t\t\t<\/li>\n\t\t\t\t\t\t<\/ul>\n\t\t\t\t\t\t<\/div>\n\t\t\t\t<\/div>\n\t\t\t\t<\/div>\n\t\t\t\t\t<\/div>\n\t\t\t\t<\/div>\n\t\t<div class=\"elementor-element elementor-element-805af3d e-flex e-con-boxed e-con e-parent\" data-id=\"805af3d\" data-element_type=\"container\">\n\t\t\t\t\t<div class=\"e-con-inner\">\n\t\t<div class=\"elementor-element elementor-element-7ff9b12 e-con-full e-flex e-con e-child\" data-id=\"7ff9b12\" data-element_type=\"container\">\n\t\t\t\t<div class=\"elementor-element elementor-element-a7bf05d elementor-widget__width-initial elementor-invisible elementor-widget elementor-widget-heading\" data-id=\"a7bf05d\" data-element_type=\"widget\" data-settings=\"{&quot;_animation&quot;:&quot;fadeIn&quot;,&quot;_animation_delay&quot;:200}\" data-widget_type=\"heading.default\">\n\t\t\t\t<div class=\"elementor-widget-container\">\n\t\t\t\t\t<h2 class=\"elementor-heading-title elementor-size-default\">Silvana Zanin Medeiros<\/h2>\t\t\t\t<\/div>\n\t\t\t\t<\/div>\n\t\t\t\t<div class=\"elementor-element elementor-element-47c04cb elementor-invisible elementor-widget elementor-widget-text-editor\" data-id=\"47c04cb\" data-element_type=\"widget\" data-settings=\"{&quot;_animation&quot;:&quot;fadeIn&quot;}\" data-widget_type=\"text-editor.default\">\n\t\t\t\t<div class=\"elementor-widget-container\">\n\t\t\t\t\t\t\t\t\t<p>S\u00f3cia-fundadora | Mentora e Terapeuta Sist\u00eamica<\/p>\t\t\t\t\t\t\t\t<\/div>\n\t\t\t\t<\/div>\n\t\t\t\t<div class=\"elementor-element elementor-element-c285ffa elementor-invisible elementor-widget elementor-widget-text-editor\" data-id=\"c285ffa\" data-element_type=\"widget\" data-settings=\"{&quot;_animation&quot;:&quot;fadeIn&quot;}\" data-widget_type=\"text-editor.default\">\n\t\t\t\t<div class=\"elementor-widget-container\">\n\t\t\t\t\t\t\t\t\t<p data-sourcepos=\"10:1-10:333\">Silvana Zanin Medeiros \u00e9 s\u00f3cia-fundadora da FACE \u2013 Gest\u00e3o Humana Sist\u00eamica Estrutural. Empres\u00e1ria e Psicopedagoga com mais de 35 anos de experi\u00eancia, atua com grupos operativos de crian\u00e7as, adolescentes e adultos em diferentes contextos sociais, al\u00e9m de exercer a fun\u00e7\u00e3o de gestora escolar e ser s\u00f3cia-fundadora da empresa Prisma.<\/p><p data-sourcepos=\"12:1-12:432\">No in\u00edcio de sua jornada profissional, trabalhou por sete anos em escolas da Prefeitura de Arapongas, atendendo moradores em situa\u00e7\u00e3o de baixa renda \u2014 uma experi\u00eancia que considera sua primeira grande escola. Nos \u00faltimos oito anos, esteve ao lado de mulheres que lhe proporcionaram um entendimento mais profundo sobre o universo feminino e os desafios de pertencer a uma sociedade que valoriza r\u00f3tulos e imp\u00f5e in\u00fameras expectativas.<\/p><p data-sourcepos=\"14:1-14:325\">A partir dessas viv\u00eancias, Silvana aperfei\u00e7oou sua percep\u00e7\u00e3o sobre o equil\u00edbrio entre os g\u00eaneros e os riscos inerentes aos contextos psicossociais. Esse olhar ampliado tamb\u00e9m a levou a compreender melhor o funcionamento das empresas dentro dessa din\u00e2mica, o que impulsionou ainda mais sua trajet\u00f3ria acad\u00eamica e profissional.<\/p>\t\t\t\t\t\t\t\t<\/div>\n\t\t\t\t<\/div>\n\t\t\t\t<\/div>\n\t\t<div class=\"elementor-element elementor-element-09ffa07 e-con-full e-flex e-con e-child\" data-id=\"09ffa07\" data-element_type=\"container\">\n\t\t\t\t<div class=\"elementor-element elementor-element-343e98e elementor-widget__width-initial elementor-widget elementor-widget-image\" data-id=\"343e98e\" data-element_type=\"widget\" data-widget_type=\"image.default\">\n\t\t\t\t<div class=\"elementor-widget-container\">\n\t\t\t\t\t\t\t\t\t\t\t\t\t\t\t<img fetchpriority=\"high\" decoding=\"async\" width=\"1200\" height=\"1800\" src=\"https:\/\/facegestaosistemica.com.br\/wp-content\/uploads\/2025\/05\/FACE-Gestao-Sistemica-Silvana-Zanin-de-Medeiros-8.webp\" class=\"attachment-full size-full wp-image-2150\" alt=\"\" srcset=\"https:\/\/facegestaosistemica.com.br\/wp-content\/uploads\/2025\/05\/FACE-Gestao-Sistemica-Silvana-Zanin-de-Medeiros-8.webp 1200w, https:\/\/facegestaosistemica.com.br\/wp-content\/uploads\/2025\/05\/FACE-Gestao-Sistemica-Silvana-Zanin-de-Medeiros-8-200x300.webp 200w, https:\/\/facegestaosistemica.com.br\/wp-content\/uploads\/2025\/05\/FACE-Gestao-Sistemica-Silvana-Zanin-de-Medeiros-8-683x1024.webp 683w, https:\/\/facegestaosistemica.com.br\/wp-content\/uploads\/2025\/05\/FACE-Gestao-Sistemica-Silvana-Zanin-de-Medeiros-8-768x1152.webp 768w, https:\/\/facegestaosistemica.com.br\/wp-content\/uploads\/2025\/05\/FACE-Gestao-Sistemica-Silvana-Zanin-de-Medeiros-8-1024x1536.webp 1024w, https:\/\/facegestaosistemica.com.br\/wp-content\/uploads\/2025\/05\/FACE-Gestao-Sistemica-Silvana-Zanin-de-Medeiros-8-8x12.webp 8w\" sizes=\"(max-width: 1200px) 100vw, 1200px\" \/>\t\t\t\t\t\t\t\t\t\t\t\t\t\t\t<\/div>\n\t\t\t\t<\/div>\n\t\t\t\t<\/div>\n\t\t\t\t\t<\/div>\n\t\t\t\t<\/div>\n\t\t<div class=\"elementor-element elementor-element-773faffa e-flex e-con-boxed e-con e-parent\" data-id=\"773faffa\" data-element_type=\"container\">\n\t\t\t\t\t<div class=\"e-con-inner\">\n\t\t<div class=\"elementor-element elementor-element-16ff9784 e-con-full e-flex e-con e-child\" data-id=\"16ff9784\" data-element_type=\"container\">\n\t\t\t\t<div class=\"elementor-element elementor-element-23268028 elementor-widget__width-initial elementor-widget elementor-widget-image\" data-id=\"23268028\" data-element_type=\"widget\" data-widget_type=\"image.default\">\n\t\t\t\t<div class=\"elementor-widget-container\">\n\t\t\t\t\t\t\t\t\t\t\t\t\t\t\t<img decoding=\"async\" width=\"1200\" height=\"1800\" src=\"https:\/\/facegestaosistemica.com.br\/wp-content\/uploads\/2025\/05\/FACE-Gestao-Sistemica-Silvana-Zanin-de-Medeiros-18.webp\" class=\"attachment-full size-full wp-image-2143\" alt=\"\" srcset=\"https:\/\/facegestaosistemica.com.br\/wp-content\/uploads\/2025\/05\/FACE-Gestao-Sistemica-Silvana-Zanin-de-Medeiros-18.webp 1200w, https:\/\/facegestaosistemica.com.br\/wp-content\/uploads\/2025\/05\/FACE-Gestao-Sistemica-Silvana-Zanin-de-Medeiros-18-200x300.webp 200w, https:\/\/facegestaosistemica.com.br\/wp-content\/uploads\/2025\/05\/FACE-Gestao-Sistemica-Silvana-Zanin-de-Medeiros-18-683x1024.webp 683w, https:\/\/facegestaosistemica.com.br\/wp-content\/uploads\/2025\/05\/FACE-Gestao-Sistemica-Silvana-Zanin-de-Medeiros-18-768x1152.webp 768w, https:\/\/facegestaosistemica.com.br\/wp-content\/uploads\/2025\/05\/FACE-Gestao-Sistemica-Silvana-Zanin-de-Medeiros-18-1024x1536.webp 1024w, https:\/\/facegestaosistemica.com.br\/wp-content\/uploads\/2025\/05\/FACE-Gestao-Sistemica-Silvana-Zanin-de-Medeiros-18-8x12.webp 8w\" sizes=\"(max-width: 1200px) 100vw, 1200px\" \/>\t\t\t\t\t\t\t\t\t\t\t\t\t\t\t<\/div>\n\t\t\t\t<\/div>\n\t\t\t\t<\/div>\n\t\t<div class=\"elementor-element elementor-element-2e050bec e-con-full e-flex e-con e-child\" data-id=\"2e050bec\" data-element_type=\"container\">\n\t\t\t\t<div class=\"elementor-element elementor-element-f03e65c elementor-invisible elementor-widget elementor-widget-text-editor\" data-id=\"f03e65c\" data-element_type=\"widget\" data-settings=\"{&quot;_animation&quot;:&quot;fadeIn&quot;}\" data-widget_type=\"text-editor.default\">\n\t\t\t\t<div class=\"elementor-widget-container\">\n\t\t\t\t\t\t\t\t\t<p data-sourcepos=\"20:1-20:22\"><strong>Forma\u00e7\u00e3o Acad\u00eamica<\/strong><\/p><ul data-sourcepos=\"21:1-24:0\"><li data-sourcepos=\"21:1-21:34\">Gradua\u00e7\u00e3o em Matem\u00e1tica e F\u00edsica<\/li><li data-sourcepos=\"22:1-22:91\">P\u00f3s-Gradua\u00e7\u00e3o em Psicologia Aplicada \u00e0 Educa\u00e7\u00e3o \u2013 Universidade Estadual de Londrina (UEL)<\/li><li data-sourcepos=\"23:1-24:0\">Forma\u00e7\u00e3o em Psicopedagogia \u2013 C.E.P. de Buenos Aires<br \/><br \/><\/li><\/ul><p data-sourcepos=\"25:1-25:38\"><strong>Desenvolvimento Humano e Sist\u00eamico<\/strong><\/p><ul data-sourcepos=\"26:1-30:29\"><li data-sourcepos=\"26:1-26:67\">Forma\u00e7\u00e3o em Neurofeedback e Biofeedback \u2013 INBIO de Ribeir\u00e3o Preto<\/li><li data-sourcepos=\"27:1-27:86\">Personal &amp; Professional Coaching \u2013 Sociedade Brasileira de Coaching de S\u00e3o Paulo<\/li><li data-sourcepos=\"28:1-28:92\">Forma\u00e7\u00e3o em Desenvolvimento dos Grupos \u2013 Sociedade Brasileira de Din\u00e2micas de Grupo (SBDG)<\/li><li data-sourcepos=\"29:1-29:53\">Forma\u00e7\u00e3o em Constela\u00e7\u00e3o Familiar \u2013 Instituto Ra\u00edzes<\/li><li data-sourcepos=\"30:1-30:29\">Contoterapeuta \u2013 M\u00e9todo CIP<\/li><\/ul>\t\t\t\t\t\t\t\t<\/div>\n\t\t\t\t<\/div>\n\t\t\t\t<\/div>\n\t\t\t\t\t<\/div>\n\t\t\t\t<\/div>\n\t\t<div class=\"elementor-element elementor-element-09ab853 e-flex e-con-boxed e-con e-parent\" data-id=\"09ab853\" data-element_type=\"container\">\n\t\t\t\t\t<div class=\"e-con-inner\">\n\t\t<div class=\"elementor-element elementor-element-38840f0 e-con-full e-flex e-con e-child\" data-id=\"38840f0\" data-element_type=\"container\">\n\t\t\t\t<div class=\"elementor-element elementor-element-7e026a9 elementor-invisible elementor-widget elementor-widget-text-editor\" data-id=\"7e026a9\" data-element_type=\"widget\" data-settings=\"{&quot;_animation&quot;:&quot;fadeIn&quot;}\" data-widget_type=\"text-editor.default\">\n\t\t\t\t<div class=\"elementor-widget-container\">\n\t\t\t\t\t\t\t\t\t<p>NUESTRA HISTORIA<\/p>\t\t\t\t\t\t\t\t<\/div>\n\t\t\t\t<\/div>\n\t\t\t\t<div class=\"elementor-element elementor-element-c9f1e55 elementor-widget__width-initial elementor-invisible elementor-widget elementor-widget-heading\" data-id=\"c9f1e55\" data-element_type=\"widget\" data-settings=\"{&quot;_animation&quot;:&quot;fadeIn&quot;,&quot;_animation_delay&quot;:200}\" data-widget_type=\"heading.default\">\n\t\t\t\t<div class=\"elementor-widget-container\">\n\t\t\t\t\t<h2 class=\"elementor-heading-title elementor-size-default\">FACE - Gest\u00e3o Humana Sist\u00eamica Estrutural<\/h2>\t\t\t\t<\/div>\n\t\t\t\t<\/div>\n\t\t\t\t<div class=\"elementor-element elementor-element-27d88fb elementor-invisible elementor-widget elementor-widget-text-editor\" data-id=\"27d88fb\" data-element_type=\"widget\" data-settings=\"{&quot;_animation&quot;:&quot;fadeIn&quot;}\" data-widget_type=\"text-editor.default\">\n\t\t\t\t<div class=\"elementor-widget-container\">\n\t\t\t\t\t\t\t\t\t<p><span style=\"font-weight: 400;\">Idealizada a partir da vis\u00e3o e experi\u00eancia das empres\u00e1rias Joana do Nascimento Pennacchi e Silvana Zanin Medeiros, a<strong> FACE &#8211; Gest\u00e3o Humana Sist\u00eamica Estrutural<\/strong> nasce com o prop\u00f3sito de facilitar a conex\u00e3o e o desenvolvimento de indiv\u00edduos, grupos e sistemas empresariais.<\/span><\/p><p><span style=\"font-weight: 400;\">A FACE considera a empresa um organismo vivo e, por isso, combina conceitos de vis\u00e3o sist\u00eamica, din\u00e2micas de grupos, neuroci\u00eancia, antroposofia, biopsicologia, psicopedagogia, andragogia, entre outros. O objetivo \u00e9 promover um ambiente de trabalho onde o profissional possa ser visto de maneira integral, ter a oportunidade de reconhecer suas necessidades e ser um agente ativo para atend\u00ea-las, responsabilizando-se pelo seu desenvolvimento e realiza\u00e7\u00e3o.<\/span><\/p><p><span style=\"font-weight: 400;\">Acreditamos que a empresa tamb\u00e9m \u00e9 um lugar para crescer e ser feliz.<\/span><\/p>\t\t\t\t\t\t\t\t<\/div>\n\t\t\t\t<\/div>\n\t\t\t\t<div class=\"elementor-element elementor-element-fdae4dd elementor-align-left elementor-mobile-align-center elementor-invisible elementor-widget elementor-widget-button\" data-id=\"fdae4dd\" data-element_type=\"widget\" data-settings=\"{&quot;_animation&quot;:&quot;fadeIn&quot;,&quot;_animation_delay&quot;:400}\" data-widget_type=\"button.default\">\n\t\t\t\t<div class=\"elementor-widget-container\">\n\t\t\t\t\t\t\t\t\t<div class=\"elementor-button-wrapper\">\n\t\t\t\t\t<a class=\"elementor-button elementor-button-link elementor-size-sm\" href=\"https:\/\/facegestaosistemica.com.br\/es\/sobre\/\">\n\t\t\t\t\t\t<span class=\"elementor-button-content-wrapper\">\n\t\t\t\t\t\t\t\t\t<span class=\"elementor-button-text\">M\u00e1s Sobre<\/span>\n\t\t\t\t\t<\/span>\n\t\t\t\t\t<\/a>\n\t\t\t\t<\/div>\n\t\t\t\t\t\t\t\t<\/div>\n\t\t\t\t<\/div>\n\t\t\t\t<\/div>\n\t\t<div class=\"elementor-element elementor-element-f892d62 e-con-full e-flex e-con e-child\" data-id=\"f892d62\" data-element_type=\"container\">\n\t\t\t\t<div class=\"elementor-element elementor-element-d788aa1 elementor-widget__width-initial elementor-widget elementor-widget-image\" data-id=\"d788aa1\" data-element_type=\"widget\" data-widget_type=\"image.default\">\n\t\t\t\t<div class=\"elementor-widget-container\">\n\t\t\t\t\t\t\t\t\t\t\t\t\t\t\t<img decoding=\"async\" width=\"1200\" height=\"1800\" src=\"https:\/\/facegestaosistemica.com.br\/wp-content\/uploads\/2025\/05\/FACE-Gestao-Sistemica-Silvana-Zanin-e-Joana-Nascimento-Pennacchi-8.webp\" class=\"attachment-full size-full wp-image-2121\" alt=\"\" srcset=\"https:\/\/facegestaosistemica.com.br\/wp-content\/uploads\/2025\/05\/FACE-Gestao-Sistemica-Silvana-Zanin-e-Joana-Nascimento-Pennacchi-8.webp 1200w, https:\/\/facegestaosistemica.com.br\/wp-content\/uploads\/2025\/05\/FACE-Gestao-Sistemica-Silvana-Zanin-e-Joana-Nascimento-Pennacchi-8-200x300.webp 200w, https:\/\/facegestaosistemica.com.br\/wp-content\/uploads\/2025\/05\/FACE-Gestao-Sistemica-Silvana-Zanin-e-Joana-Nascimento-Pennacchi-8-683x1024.webp 683w, https:\/\/facegestaosistemica.com.br\/wp-content\/uploads\/2025\/05\/FACE-Gestao-Sistemica-Silvana-Zanin-e-Joana-Nascimento-Pennacchi-8-768x1152.webp 768w, https:\/\/facegestaosistemica.com.br\/wp-content\/uploads\/2025\/05\/FACE-Gestao-Sistemica-Silvana-Zanin-e-Joana-Nascimento-Pennacchi-8-1024x1536.webp 1024w, https:\/\/facegestaosistemica.com.br\/wp-content\/uploads\/2025\/05\/FACE-Gestao-Sistemica-Silvana-Zanin-e-Joana-Nascimento-Pennacchi-8-8x12.webp 8w\" sizes=\"(max-width: 1200px) 100vw, 1200px\" \/>\t\t\t\t\t\t\t\t\t\t\t\t\t\t\t<\/div>\n\t\t\t\t<\/div>\n\t\t\t\t<\/div>\n\t\t\t\t\t<\/div>\n\t\t\t\t<\/div>\n\t\t<div class=\"elementor-element elementor-element-3d1bef04 e-flex e-con-boxed e-con e-parent\" data-id=\"3d1bef04\" data-element_type=\"container\" data-settings=\"{&quot;background_background&quot;:&quot;classic&quot;}\">\n\t\t\t\t\t<div class=\"e-con-inner\">\n\t\t<div class=\"elementor-element elementor-element-489f3e91 e-con-full e-flex elementor-invisible e-con e-child\" data-id=\"489f3e91\" data-element_type=\"container\" data-settings=\"{&quot;background_background&quot;:&quot;classic&quot;,&quot;animation&quot;:&quot;fadeIn&quot;}\">\n\t\t\t\t<div class=\"elementor-element elementor-element-49b6bbb6 elementor-widget elementor-widget-image\" data-id=\"49b6bbb6\" data-element_type=\"widget\" data-widget_type=\"image.default\">\n\t\t\t\t<div class=\"elementor-widget-container\">\n\t\t\t\t\t\t\t\t\t\t\t\t\t\t\t<img loading=\"lazy\" decoding=\"async\" width=\"2162\" height=\"878\" src=\"https:\/\/facegestaosistemica.com.br\/wp-content\/uploads\/2025\/04\/Face-Gestao-Sistemica-Logo-Verde.webp\" class=\"attachment-full size-full wp-image-2035\" alt=\"\" srcset=\"https:\/\/facegestaosistemica.com.br\/wp-content\/uploads\/2025\/04\/Face-Gestao-Sistemica-Logo-Verde.webp 2162w, https:\/\/facegestaosistemica.com.br\/wp-content\/uploads\/2025\/04\/Face-Gestao-Sistemica-Logo-Verde-300x122.webp 300w, https:\/\/facegestaosistemica.com.br\/wp-content\/uploads\/2025\/04\/Face-Gestao-Sistemica-Logo-Verde-1024x416.webp 1024w, https:\/\/facegestaosistemica.com.br\/wp-content\/uploads\/2025\/04\/Face-Gestao-Sistemica-Logo-Verde-768x312.webp 768w, https:\/\/facegestaosistemica.com.br\/wp-content\/uploads\/2025\/04\/Face-Gestao-Sistemica-Logo-Verde-1536x624.webp 1536w, https:\/\/facegestaosistemica.com.br\/wp-content\/uploads\/2025\/04\/Face-Gestao-Sistemica-Logo-Verde-2048x832.webp 2048w, https:\/\/facegestaosistemica.com.br\/wp-content\/uploads\/2025\/04\/Face-Gestao-Sistemica-Logo-Verde-18x7.webp 18w\" sizes=\"(max-width: 2162px) 100vw, 2162px\" \/>\t\t\t\t\t\t\t\t\t\t\t\t\t\t\t<\/div>\n\t\t\t\t<\/div>\n\t\t\t\t<div class=\"elementor-element elementor-element-cd6510c elementor-invisible elementor-widget elementor-widget-text-editor\" data-id=\"cd6510c\" data-element_type=\"widget\" data-settings=\"{&quot;_animation&quot;:&quot;fadeIn&quot;}\" data-widget_type=\"text-editor.default\">\n\t\t\t\t<div class=\"elementor-widget-container\">\n\t\t\t\t\t\t\t\t\t<p>TRANSFORMA\u00c7\u00c3O HUMANA E ORGANIZACIONAL<\/p>\t\t\t\t\t\t\t\t<\/div>\n\t\t\t\t<\/div>\n\t\t\t\t<div class=\"elementor-element elementor-element-73d546e elementor-invisible elementor-widget elementor-widget-heading\" data-id=\"73d546e\" data-element_type=\"widget\" data-settings=\"{&quot;_animation&quot;:&quot;fadeIn&quot;,&quot;_animation_delay&quot;:200}\" data-widget_type=\"heading.default\">\n\t\t\t\t<div class=\"elementor-widget-container\">\n\t\t\t\t\t<h2 class=\"elementor-heading-title elementor-size-default\">Sua Empresa com Consci\u00eancia e Prop\u00f3sito<\/h2>\t\t\t\t<\/div>\n\t\t\t\t<\/div>\n\t\t\t\t<div class=\"elementor-element elementor-element-7556ffc8 elementor-widget-divider--view-line elementor-invisible elementor-widget elementor-widget-divider\" data-id=\"7556ffc8\" data-element_type=\"widget\" data-settings=\"{&quot;_animation&quot;:&quot;fadeIn&quot;,&quot;_animation_delay&quot;:500}\" data-widget_type=\"divider.default\">\n\t\t\t\t<div class=\"elementor-widget-container\">\n\t\t\t\t\t\t\t<div class=\"elementor-divider\">\n\t\t\t<span class=\"elementor-divider-separator\">\n\t\t\t\t\t\t<\/span>\n\t\t<\/div>\n\t\t\t\t\t\t<\/div>\n\t\t\t\t<\/div>\n\t\t\t\t<div class=\"elementor-element elementor-element-199fd193 elementor-widget elementor-widget-text-editor\" data-id=\"199fd193\" data-element_type=\"widget\" data-widget_type=\"text-editor.default\">\n\t\t\t\t<div class=\"elementor-widget-container\">\n\t\t\t\t\t\t\t\t\t<p>Da escuta atenta \u00e0 resolu\u00e7\u00e3o de conflitos e \u00e0 constru\u00e7\u00e3o de solu\u00e7\u00f5es, buscamos autenticidade, equil\u00edbrio e desenvolvimento integral.<\/p><p>Com um olhar cuidadoso para o neg\u00f3cio e uma conex\u00e3o genu\u00edna com as pessoas, caminhamos junto aos nossos clientes rumo a um novo tempo organizacional, construindo ambientes mais seguros e acolhedores, fortalecendo as rela\u00e7\u00f5es e reduzindo os passivos trabalhistas e sociais que t\u00eam origem nas rela\u00e7\u00f5es e impactam diretamente as empresas.<\/p>\t\t\t\t\t\t\t\t<\/div>\n\t\t\t\t<\/div>\n\t\t\t\t<div class=\"elementor-element elementor-element-67dadee2 elementor-align-left elementor-mobile-align-center elementor-invisible elementor-widget elementor-widget-button\" data-id=\"67dadee2\" data-element_type=\"widget\" data-settings=\"{&quot;_animation&quot;:&quot;fadeIn&quot;,&quot;_animation_delay&quot;:400}\" data-widget_type=\"button.default\">\n\t\t\t\t<div class=\"elementor-widget-container\">\n\t\t\t\t\t\t\t\t\t<div class=\"elementor-button-wrapper\">\n\t\t\t\t\t<a class=\"elementor-button elementor-button-link elementor-size-sm\" href=\"https:\/\/facegestaosistemica.com.br\/es\/download\/\">\n\t\t\t\t\t\t<span class=\"elementor-button-content-wrapper\">\n\t\t\t\t\t\t\t\t\t<span class=\"elementor-button-text\">Solicitar Presentaci\u00f3n<\/span>\n\t\t\t\t\t<\/span>\n\t\t\t\t\t<\/a>\n\t\t\t\t<\/div>\n\t\t\t\t\t\t\t\t<\/div>\n\t\t\t\t<\/div>\n\t\t\t\t<\/div>\n\t\t\t\t\t<\/div>\n\t\t\t\t<\/div>\n\t\t\t\t<\/div>","protected":false},"excerpt":{"rendered":"<p>Home Sobre Silvana Zanin Medeiros S\u00f3cia-fundadora | Mentora e Terapeuta Sist\u00eamica Silvana Zanin Medeiros \u00e9 s\u00f3cia-fundadora da FACE \u2013 Gest\u00e3o Humana Sist\u00eamica Estrutural. Empres\u00e1ria e Psicopedagoga com mais de 35 anos de experi\u00eancia, atua com grupos operativos de crian\u00e7as, adolescentes e adultos em diferentes contextos sociais, al\u00e9m de exercer a fun\u00e7\u00e3o de gestora escolar e [&hellip;]<\/p>","protected":false},"author":2,"featured_media":0,"parent":0,"menu_order":0,"comment_status":"closed","ping_status":"closed","template":"elementor_header_footer","meta":{"_joinchat":[],"footnotes":""},"class_list":["post-2252","page","type-page","status-publish","hentry"],"_links":{"self":[{"href":"https:\/\/facegestaosistemica.com.br\/es\/wp-json\/wp\/v2\/pages\/2252","targetHints":{"allow":["GET"]}}],"collection":[{"href":"https:\/\/facegestaosistemica.com.br\/es\/wp-json\/wp\/v2\/pages"}],"about":[{"href":"https:\/\/facegestaosistemica.com.br\/es\/wp-json\/wp\/v2\/types\/page"}],"author":[{"embeddable":true,"href":"https:\/\/facegestaosistemica.com.br\/es\/wp-json\/wp\/v2\/users\/2"}],"replies":[{"embeddable":true,"href":"https:\/\/facegestaosistemica.com.br\/es\/wp-json\/wp\/v2\/comments?post=2252"}],"version-history":[{"count":14,"href":"https:\/\/facegestaosistemica.com.br\/es\/wp-json\/wp\/v2\/pages\/2252\/revisions"}],"predecessor-version":[{"id":2428,"href":"https:\/\/facegestaosistemica.com.br\/es\/wp-json\/wp\/v2\/pages\/2252\/revisions\/2428"}],"wp:attachment":[{"href":"https:\/\/facegestaosistemica.com.br\/es\/wp-json\/wp\/v2\/media?parent=2252"}],"curies":[{"name":"wp","href":"https:\/\/api.w.org\/{rel}","templated":true}]}}