{"id":1905,"date":"2025-03-17T02:46:50","date_gmt":"2025-03-17T02:46:50","guid":{"rendered":"https:\/\/labscardua.com\/?page_id=1905"},"modified":"2025-06-24T15:16:05","modified_gmt":"2025-06-24T15:16:05","slug":"servicos","status":"publish","type":"page","link":"https:\/\/facegestaosistemica.com.br\/es\/servicos\/","title":{"rendered":"Especialidades"},"content":{"rendered":"<div data-elementor-type=\"wp-page\" data-elementor-id=\"1905\" class=\"elementor elementor-1905\" data-elementor-post-type=\"page\">\n\t\t\t\t<div class=\"elementor-element elementor-element-65ccaceb e-flex e-con-boxed e-con e-parent\" data-id=\"65ccaceb\" data-element_type=\"container\" data-settings=\"{&quot;background_background&quot;:&quot;classic&quot;}\">\n\t\t\t\t\t<div class=\"e-con-inner\">\n\t\t<div class=\"elementor-element elementor-element-6451cd20 e-con-full e-flex e-con e-child\" data-id=\"6451cd20\" data-element_type=\"container\">\n\t\t\t\t<div class=\"elementor-element elementor-element-5b4c0167 elementor-invisible elementor-widget elementor-widget-heading\" data-id=\"5b4c0167\" data-element_type=\"widget\" data-settings=\"{&quot;_animation&quot;:&quot;fadeIn&quot;}\" data-widget_type=\"heading.default\">\n\t\t\t\t<div class=\"elementor-widget-container\">\n\t\t\t\t\t<h2 class=\"elementor-heading-title elementor-size-default\">Especialidades FACE<\/h2>\t\t\t\t<\/div>\n\t\t\t\t<\/div>\n\t\t\t\t<div class=\"elementor-element elementor-element-ce4469e elementor-icon-list--layout-inline elementor-align-center elementor-list-item-link-full_width elementor-invisible elementor-widget elementor-widget-icon-list\" data-id=\"ce4469e\" data-element_type=\"widget\" data-settings=\"{&quot;_animation&quot;:&quot;fadeIn&quot;,&quot;_animation_delay&quot;:200}\" data-widget_type=\"icon-list.default\">\n\t\t\t\t<div class=\"elementor-widget-container\">\n\t\t\t\t\t\t\t<ul class=\"elementor-icon-list-items elementor-inline-items\">\n\t\t\t\t\t\t\t<li class=\"elementor-icon-list-item elementor-inline-item\">\n\t\t\t\t\t\t\t\t\t\t\t<a href=\"https:\/\/facegestaosistemica.com.br\/es\">\n\n\t\t\t\t\t\t\t\t\t\t\t<span class=\"elementor-icon-list-text\">Home<\/span>\n\t\t\t\t\t\t\t\t\t\t\t<\/a>\n\t\t\t\t\t\t\t\t\t<\/li>\n\t\t\t\t\t\t\t\t<li class=\"elementor-icon-list-item elementor-inline-item\">\n\t\t\t\t\t\t\t\t\t\t\t<a href=\"https:\/\/facegestaosistemica.com.br\/es\/servicos\/\">\n\n\t\t\t\t\t\t\t\t\t\t\t\t<span class=\"elementor-icon-list-icon\">\n\t\t\t\t\t\t\t<i aria-hidden=\"true\" class=\"icon icon-right-arrow1\"><\/i>\t\t\t\t\t\t<\/span>\n\t\t\t\t\t\t\t\t\t\t<span class=\"elementor-icon-list-text\">Especialidades<\/span>\n\t\t\t\t\t\t\t\t\t\t\t<\/a>\n\t\t\t\t\t\t\t\t\t<\/li>\n\t\t\t\t\t\t<\/ul>\n\t\t\t\t\t\t<\/div>\n\t\t\t\t<\/div>\n\t\t\t\t<\/div>\n\t\t\t\t\t<\/div>\n\t\t\t\t<\/div>\n\t\t<div class=\"elementor-element elementor-element-5b008d30 e-flex e-con-boxed e-con e-parent\" data-id=\"5b008d30\" data-element_type=\"container\">\n\t\t\t\t\t<div class=\"e-con-inner\">\n\t\t<div class=\"elementor-element elementor-element-51c0dc92 e-con-full e-flex e-con e-child\" data-id=\"51c0dc92\" data-element_type=\"container\">\n\t\t\t\t<div class=\"elementor-element elementor-element-23250687 elementor-invisible elementor-widget elementor-widget-text-editor\" data-id=\"23250687\" data-element_type=\"widget\" data-settings=\"{&quot;_animation&quot;:&quot;fadeIn&quot;}\" data-widget_type=\"text-editor.default\">\n\t\t\t\t<div class=\"elementor-widget-container\">\n\t\t\t\t\t\t\t\t\t<p>Humanizando Estruturas Potencializando Rela\u00e7\u00f5es<\/p>\t\t\t\t\t\t\t\t<\/div>\n\t\t\t\t<\/div>\n\t\t\t\t<div class=\"elementor-element elementor-element-3cc80784 elementor-widget__width-initial elementor-invisible elementor-widget elementor-widget-heading\" data-id=\"3cc80784\" data-element_type=\"widget\" data-settings=\"{&quot;_animation&quot;:&quot;fadeIn&quot;,&quot;_animation_delay&quot;:200}\" data-widget_type=\"heading.default\">\n\t\t\t\t<div class=\"elementor-widget-container\">\n\t\t\t\t\t<h2 class=\"elementor-heading-title elementor-size-default\">Nossas Solu\u00e7\u00f5es Para Pessoas e Empresas\n<\/h2>\t\t\t\t<\/div>\n\t\t\t\t<\/div>\n\t\t\t\t<div class=\"elementor-element elementor-element-4d30fdfc elementor-invisible elementor-widget elementor-widget-text-editor\" data-id=\"4d30fdfc\" data-element_type=\"widget\" data-settings=\"{&quot;_animation&quot;:&quot;fadeIn&quot;}\" data-widget_type=\"text-editor.default\">\n\t\t\t\t<div class=\"elementor-widget-container\">\n\t\t\t\t\t\t\t\t\t<p data-sourcepos=\"7:1-7:177\">A FACE oferece um portf\u00f3lio completo de servi\u00e7os para gest\u00e3o de pessoas com abordagem sist\u00eamica e humanizada, possibilitando assim o fortalecimento e a transforma\u00e7\u00e3o do ambiente corporativo, promovendo maior conex\u00e3o entre colaboradores e o neg\u00f3cio.<\/p><p data-sourcepos=\"7:1-7:177\">Resultado dessa nova arquitetura de rela\u00e7\u00f5es corporativas temos como ganhos um ambiente psico social saud\u00e1vel, prop\u00edcio e mais confort\u00e1vel para auto desenvolvimento e&nbsp;produtividade.<\/p>\t\t\t\t\t\t\t\t<\/div>\n\t\t\t\t<\/div>\n\t\t\t\t<div class=\"elementor-element elementor-element-29e76c3 elementor-widget-tablet__width-initial elementor-widget elementor-widget-heading\" data-id=\"29e76c3\" data-element_type=\"widget\" data-widget_type=\"heading.default\">\n\t\t\t\t<div class=\"elementor-widget-container\">\n\t\t\t\t\t<h3 class=\"elementor-heading-title elementor-size-default\">PARA ORGANIZA\u00c7\u00d5ES\n\n<\/h3>\t\t\t\t<\/div>\n\t\t\t\t<\/div>\n\t\t\t\t<div class=\"elementor-element elementor-element-f311058 elementor-invisible elementor-widget elementor-widget-text-editor\" data-id=\"f311058\" data-element_type=\"widget\" data-settings=\"{&quot;_animation&quot;:&quot;fadeIn&quot;}\" data-widget_type=\"text-editor.default\">\n\t\t\t\t<div class=\"elementor-widget-container\">\n\t\t\t\t\t\t\t\t\t<p data-sourcepos=\"11:1-11:136\">Desenvolvemos gestores e equipes com foco em humaniza\u00e7\u00e3o, responsabilidade e preven\u00e7\u00e3o de riscos psicossociais. Nossas solu\u00e7\u00f5es incluem:<\/p><ul data-sourcepos=\"12:1-15:0\"><li data-sourcepos=\"12:1-12:98\"><strong>Desenvolvimento de Lideran\u00e7as:<\/strong> Programas alinhados \u00e0s NRs de ass\u00e9dio e riscos psicossociais.<\/li><li data-sourcepos=\"13:1-13:107\"><strong>Monitoria e Diagn\u00f3stico Sist\u00eamico:<\/strong> Acompanhamento cont\u00ednuo para alinhar cultura e sa\u00fade das rela\u00e7\u00f5es.<\/li><li data-sourcepos=\"14:1-15:0\"><strong>Rodas de Escuta e Integra\u00e7\u00e3o:<\/strong> Espa\u00e7os seguros para comunica\u00e7\u00e3o, pertencimento e media\u00e7\u00e3o de conflitos.<\/li><\/ul>\t\t\t\t\t\t\t\t<\/div>\n\t\t\t\t<\/div>\n\t\t\t\t<\/div>\n\t\t<div class=\"elementor-element elementor-element-62d40c19 e-con-full e-flex e-con e-child\" data-id=\"62d40c19\" data-element_type=\"container\">\n\t\t\t\t<div class=\"elementor-element elementor-element-187131a8 elementor-widget__width-initial elementor-widget elementor-widget-image\" data-id=\"187131a8\" data-element_type=\"widget\" data-widget_type=\"image.default\">\n\t\t\t\t<div class=\"elementor-widget-container\">\n\t\t\t\t\t\t\t\t\t\t\t\t\t\t\t<img fetchpriority=\"high\" decoding=\"async\" width=\"1200\" height=\"1800\" src=\"https:\/\/facegestaosistemica.com.br\/wp-content\/uploads\/2025\/05\/FACE-Gestao-Sistemica-Silvana-Zanin-e-Joana-Nascimento-Pennacchi-8.webp\" class=\"attachment-full size-full wp-image-2121\" alt=\"\" srcset=\"https:\/\/facegestaosistemica.com.br\/wp-content\/uploads\/2025\/05\/FACE-Gestao-Sistemica-Silvana-Zanin-e-Joana-Nascimento-Pennacchi-8.webp 1200w, https:\/\/facegestaosistemica.com.br\/wp-content\/uploads\/2025\/05\/FACE-Gestao-Sistemica-Silvana-Zanin-e-Joana-Nascimento-Pennacchi-8-200x300.webp 200w, https:\/\/facegestaosistemica.com.br\/wp-content\/uploads\/2025\/05\/FACE-Gestao-Sistemica-Silvana-Zanin-e-Joana-Nascimento-Pennacchi-8-683x1024.webp 683w, https:\/\/facegestaosistemica.com.br\/wp-content\/uploads\/2025\/05\/FACE-Gestao-Sistemica-Silvana-Zanin-e-Joana-Nascimento-Pennacchi-8-768x1152.webp 768w, https:\/\/facegestaosistemica.com.br\/wp-content\/uploads\/2025\/05\/FACE-Gestao-Sistemica-Silvana-Zanin-e-Joana-Nascimento-Pennacchi-8-1024x1536.webp 1024w, https:\/\/facegestaosistemica.com.br\/wp-content\/uploads\/2025\/05\/FACE-Gestao-Sistemica-Silvana-Zanin-e-Joana-Nascimento-Pennacchi-8-8x12.webp 8w\" sizes=\"(max-width: 1200px) 100vw, 1200px\" \/>\t\t\t\t\t\t\t\t\t\t\t\t\t\t\t<\/div>\n\t\t\t\t<\/div>\n\t\t\t\t<\/div>\n\t\t\t\t\t<\/div>\n\t\t\t\t<\/div>\n\t\t<div class=\"elementor-element elementor-element-97ccf48 e-flex e-con-boxed e-con e-parent\" data-id=\"97ccf48\" data-element_type=\"container\">\n\t\t\t\t\t<div class=\"e-con-inner\">\n\t\t<div class=\"elementor-element elementor-element-bf0ddc5 e-con-full e-flex e-con e-child\" data-id=\"bf0ddc5\" data-element_type=\"container\">\n\t\t\t\t<div class=\"elementor-element elementor-element-650a6fb elementor-widget__width-initial elementor-widget elementor-widget-image\" data-id=\"650a6fb\" data-element_type=\"widget\" data-widget_type=\"image.default\">\n\t\t\t\t<div class=\"elementor-widget-container\">\n\t\t\t\t\t\t\t\t\t\t\t\t\t\t\t<img decoding=\"async\" width=\"1200\" height=\"1800\" src=\"https:\/\/facegestaosistemica.com.br\/wp-content\/uploads\/2025\/05\/FACE-Gestao-Sistemica-Silvana-Zanin-e-Joana-Nascimento-Pennacchi-11.webp\" class=\"attachment-full size-full wp-image-2114\" alt=\"\" srcset=\"https:\/\/facegestaosistemica.com.br\/wp-content\/uploads\/2025\/05\/FACE-Gestao-Sistemica-Silvana-Zanin-e-Joana-Nascimento-Pennacchi-11.webp 1200w, https:\/\/facegestaosistemica.com.br\/wp-content\/uploads\/2025\/05\/FACE-Gestao-Sistemica-Silvana-Zanin-e-Joana-Nascimento-Pennacchi-11-200x300.webp 200w, https:\/\/facegestaosistemica.com.br\/wp-content\/uploads\/2025\/05\/FACE-Gestao-Sistemica-Silvana-Zanin-e-Joana-Nascimento-Pennacchi-11-683x1024.webp 683w, https:\/\/facegestaosistemica.com.br\/wp-content\/uploads\/2025\/05\/FACE-Gestao-Sistemica-Silvana-Zanin-e-Joana-Nascimento-Pennacchi-11-768x1152.webp 768w, https:\/\/facegestaosistemica.com.br\/wp-content\/uploads\/2025\/05\/FACE-Gestao-Sistemica-Silvana-Zanin-e-Joana-Nascimento-Pennacchi-11-1024x1536.webp 1024w, https:\/\/facegestaosistemica.com.br\/wp-content\/uploads\/2025\/05\/FACE-Gestao-Sistemica-Silvana-Zanin-e-Joana-Nascimento-Pennacchi-11-8x12.webp 8w\" sizes=\"(max-width: 1200px) 100vw, 1200px\" \/>\t\t\t\t\t\t\t\t\t\t\t\t\t\t\t<\/div>\n\t\t\t\t<\/div>\n\t\t\t\t<\/div>\n\t\t<div class=\"elementor-element elementor-element-50dcc42 e-con-full e-flex e-con e-child\" data-id=\"50dcc42\" data-element_type=\"container\">\n\t\t\t\t<div class=\"elementor-element elementor-element-a75ccee elementor-widget-tablet__width-initial elementor-widget elementor-widget-heading\" data-id=\"a75ccee\" data-element_type=\"widget\" data-widget_type=\"heading.default\">\n\t\t\t\t<div class=\"elementor-widget-container\">\n\t\t\t\t\t<h3 class=\"elementor-heading-title elementor-size-default\">PARA L\u00cdDERES E PROFISSIONAIS\n\n<\/h3>\t\t\t\t<\/div>\n\t\t\t\t<\/div>\n\t\t\t\t<div class=\"elementor-element elementor-element-c09196b elementor-invisible elementor-widget elementor-widget-text-editor\" data-id=\"c09196b\" data-element_type=\"widget\" data-settings=\"{&quot;_animation&quot;:&quot;fadeIn&quot;}\" data-widget_type=\"text-editor.default\">\n\t\t\t\t<div class=\"elementor-widget-container\">\n\t\t\t\t\t\t\t\t\t<p data-sourcepos=\"18:1-18:115\">Oferecemos mentoria e acompanhamento individual para gestores que buscam alinhamento, equil\u00edbrio e desenvolvimento.<\/p><ul data-sourcepos=\"19:1-22:0\"><li data-sourcepos=\"19:1-19:105\"><strong>Sess\u00f5es de Acompanhamento Sist\u00eamico:<\/strong> Diagn\u00f3stico de desafios e aplica\u00e7\u00e3o de recursos de equil\u00edbrio.<\/li><li data-sourcepos=\"20:1-20:117\"><strong>Orienta\u00e7\u00e3o Profissional Humanizada:<\/strong> Apoio em redirecionamento vocacional e alinhamento biogr\u00e1fico-profissional.<\/li><li data-sourcepos=\"21:1-22:0\"><strong>Mentorias Tem\u00e1ticas:<\/strong> Aprofundamento em temas como &#8220;Lideran\u00e7a com Alma&#8221; e sa\u00fade emocional.<\/li><\/ul>\t\t\t\t\t\t\t\t<\/div>\n\t\t\t\t<\/div>\n\t\t\t\t<div class=\"elementor-element elementor-element-eeb8a05 elementor-widget-tablet__width-initial elementor-widget elementor-widget-heading\" data-id=\"eeb8a05\" data-element_type=\"widget\" data-widget_type=\"heading.default\">\n\t\t\t\t<div class=\"elementor-widget-container\">\n\t\t\t\t\t<h3 class=\"elementor-heading-title elementor-size-default\">WORKSHOPS E PR\u00c1TICAS EM GRUPO\n\n<\/h3>\t\t\t\t<\/div>\n\t\t\t\t<\/div>\n\t\t\t\t<div class=\"elementor-element elementor-element-b356641 elementor-invisible elementor-widget elementor-widget-text-editor\" data-id=\"b356641\" data-element_type=\"widget\" data-settings=\"{&quot;_animation&quot;:&quot;fadeIn&quot;}\" data-widget_type=\"text-editor.default\">\n\t\t\t\t<div class=\"elementor-widget-container\">\n\t\t\t\t\t\t\t\t\t<p data-sourcepos=\"25:1-25:107\">Facilitamos workshops, din\u00e2micas e grupos terap\u00eauticos que promovem autoconhecimento e fortalecem v\u00ednculos.<\/p><ul data-sourcepos=\"26:1-28:0\"><li data-sourcepos=\"26:1-26:125\"><strong>Temas Principais:<\/strong> Leis Sist\u00eamicas na Gest\u00e3o, Sa\u00fade Mental, Constela\u00e7\u00e3o Empresarial, Contoterapia e Comunica\u00e7\u00e3o Cordial.<\/li><li data-sourcepos=\"27:1-28:0\"><strong>Grupos de Desenvolvimento:<\/strong> Incluindo grupos espec\u00edficos para o masculino e feminino (online).<\/li><\/ul>\t\t\t\t\t\t\t\t<\/div>\n\t\t\t\t<\/div>\n\t\t\t\t<div class=\"elementor-element elementor-element-05846eb elementor-widget-tablet__width-initial elementor-widget elementor-widget-heading\" data-id=\"05846eb\" data-element_type=\"widget\" data-widget_type=\"heading.default\">\n\t\t\t\t<div class=\"elementor-widget-container\">\n\t\t\t\t\t<h3 class=\"elementor-heading-title elementor-size-default\">FORMATOS E PERSONALIZA\u00c7\u00c3O\n\n<\/h3>\t\t\t\t<\/div>\n\t\t\t\t<\/div>\n\t\t\t\t<div class=\"elementor-element elementor-element-425937e elementor-invisible elementor-widget elementor-widget-text-editor\" data-id=\"425937e\" data-element_type=\"widget\" data-settings=\"{&quot;_animation&quot;:&quot;fadeIn&quot;}\" data-widget_type=\"text-editor.default\">\n\t\t\t\t<div class=\"elementor-widget-container\">\n\t\t\t\t\t\t\t\t\t<p>Nossas a\u00e7\u00f5es s\u00e3o flex\u00edveis e desenhadas sob medida para sua necessidade, dispon\u00edveis em formatos <strong>online, presencial ou h\u00edbrido<\/strong>. Al\u00e9m dos programas estruturados, criamos <strong>pain\u00e9is, podcasts e produtos com temas personalizados<\/strong>.<\/p>\t\t\t\t\t\t\t\t<\/div>\n\t\t\t\t<\/div>\n\t\t\t\t<\/div>\n\t\t\t\t\t<\/div>\n\t\t\t\t<\/div>\n\t\t<div class=\"elementor-element elementor-element-1ffcaed5 e-flex e-con-boxed e-con e-parent\" data-id=\"1ffcaed5\" data-element_type=\"container\" data-settings=\"{&quot;background_background&quot;:&quot;classic&quot;}\">\n\t\t\t\t\t<div class=\"e-con-inner\">\n\t\t<div class=\"elementor-element elementor-element-3cb5b1ee e-con-full e-flex elementor-invisible e-con e-child\" data-id=\"3cb5b1ee\" data-element_type=\"container\" data-settings=\"{&quot;background_background&quot;:&quot;classic&quot;,&quot;animation&quot;:&quot;fadeIn&quot;}\">\n\t\t\t\t<div class=\"elementor-element elementor-element-6db7e375 elementor-widget elementor-widget-image\" data-id=\"6db7e375\" data-element_type=\"widget\" data-widget_type=\"image.default\">\n\t\t\t\t<div class=\"elementor-widget-container\">\n\t\t\t\t\t\t\t\t\t\t\t\t\t\t\t<img decoding=\"async\" width=\"2162\" height=\"878\" src=\"https:\/\/facegestaosistemica.com.br\/wp-content\/uploads\/2025\/04\/Face-Gestao-Sistemica-Logo-Verde.webp\" class=\"attachment-full size-full wp-image-2035\" alt=\"\" srcset=\"https:\/\/facegestaosistemica.com.br\/wp-content\/uploads\/2025\/04\/Face-Gestao-Sistemica-Logo-Verde.webp 2162w, https:\/\/facegestaosistemica.com.br\/wp-content\/uploads\/2025\/04\/Face-Gestao-Sistemica-Logo-Verde-300x122.webp 300w, https:\/\/facegestaosistemica.com.br\/wp-content\/uploads\/2025\/04\/Face-Gestao-Sistemica-Logo-Verde-1024x416.webp 1024w, https:\/\/facegestaosistemica.com.br\/wp-content\/uploads\/2025\/04\/Face-Gestao-Sistemica-Logo-Verde-768x312.webp 768w, https:\/\/facegestaosistemica.com.br\/wp-content\/uploads\/2025\/04\/Face-Gestao-Sistemica-Logo-Verde-1536x624.webp 1536w, https:\/\/facegestaosistemica.com.br\/wp-content\/uploads\/2025\/04\/Face-Gestao-Sistemica-Logo-Verde-2048x832.webp 2048w, https:\/\/facegestaosistemica.com.br\/wp-content\/uploads\/2025\/04\/Face-Gestao-Sistemica-Logo-Verde-18x7.webp 18w\" sizes=\"(max-width: 2162px) 100vw, 2162px\" \/>\t\t\t\t\t\t\t\t\t\t\t\t\t\t\t<\/div>\n\t\t\t\t<\/div>\n\t\t\t\t<div class=\"elementor-element elementor-element-d87f919 elementor-invisible elementor-widget elementor-widget-text-editor\" data-id=\"d87f919\" data-element_type=\"widget\" data-settings=\"{&quot;_animation&quot;:&quot;fadeIn&quot;}\" data-widget_type=\"text-editor.default\">\n\t\t\t\t<div class=\"elementor-widget-container\">\n\t\t\t\t\t\t\t\t\t<p>TRANSFORMA\u00c7\u00c3O HUMANA E ORGANIZACIONAL<\/p>\t\t\t\t\t\t\t\t<\/div>\n\t\t\t\t<\/div>\n\t\t\t\t<div class=\"elementor-element elementor-element-6b92ca90 elementor-invisible elementor-widget elementor-widget-heading\" data-id=\"6b92ca90\" data-element_type=\"widget\" data-settings=\"{&quot;_animation&quot;:&quot;fadeIn&quot;,&quot;_animation_delay&quot;:200}\" data-widget_type=\"heading.default\">\n\t\t\t\t<div class=\"elementor-widget-container\">\n\t\t\t\t\t<h2 class=\"elementor-heading-title elementor-size-default\">Sua Empresa com Consci\u00eancia e Prop\u00f3sito<\/h2>\t\t\t\t<\/div>\n\t\t\t\t<\/div>\n\t\t\t\t<div class=\"elementor-element elementor-element-78e563c9 elementor-widget-divider--view-line elementor-invisible elementor-widget elementor-widget-divider\" data-id=\"78e563c9\" data-element_type=\"widget\" data-settings=\"{&quot;_animation&quot;:&quot;fadeIn&quot;,&quot;_animation_delay&quot;:500}\" data-widget_type=\"divider.default\">\n\t\t\t\t<div class=\"elementor-widget-container\">\n\t\t\t\t\t\t\t<div class=\"elementor-divider\">\n\t\t\t<span class=\"elementor-divider-separator\">\n\t\t\t\t\t\t<\/span>\n\t\t<\/div>\n\t\t\t\t\t\t<\/div>\n\t\t\t\t<\/div>\n\t\t\t\t<div class=\"elementor-element elementor-element-52910ae2 elementor-widget elementor-widget-text-editor\" data-id=\"52910ae2\" data-element_type=\"widget\" data-widget_type=\"text-editor.default\">\n\t\t\t\t<div class=\"elementor-widget-container\">\n\t\t\t\t\t\t\t\t\t<p>Da escuta atenta \u00e0 resolu\u00e7\u00e3o de conflitos e \u00e0 constru\u00e7\u00e3o de solu\u00e7\u00f5es, buscamos autenticidade, equil\u00edbrio e desenvolvimento integral.<\/p><p>Com um olhar cuidadoso para o neg\u00f3cio e uma conex\u00e3o genu\u00edna com as pessoas, caminhamos junto aos nossos clientes rumo a um novo tempo organizacional, construindo ambientes mais seguros e acolhedores, fortalecendo as rela\u00e7\u00f5es e reduzindo os passivos trabalhistas e sociais que t\u00eam origem nas rela\u00e7\u00f5es e impactam diretamente as empresas.<\/p>\t\t\t\t\t\t\t\t<\/div>\n\t\t\t\t<\/div>\n\t\t\t\t<div class=\"elementor-element elementor-element-1340b63e elementor-align-left elementor-mobile-align-center elementor-invisible elementor-widget elementor-widget-button\" data-id=\"1340b63e\" data-element_type=\"widget\" data-settings=\"{&quot;_animation&quot;:&quot;fadeIn&quot;,&quot;_animation_delay&quot;:400}\" data-widget_type=\"button.default\">\n\t\t\t\t<div class=\"elementor-widget-container\">\n\t\t\t\t\t\t\t\t\t<div class=\"elementor-button-wrapper\">\n\t\t\t\t\t<a class=\"elementor-button elementor-button-link elementor-size-sm\" href=\"https:\/\/facegestaosistemica.com.br\/es\/download\/\">\n\t\t\t\t\t\t<span class=\"elementor-button-content-wrapper\">\n\t\t\t\t\t\t\t\t\t<span class=\"elementor-button-text\">Solicitar Presentaci\u00f3n<\/span>\n\t\t\t\t\t<\/span>\n\t\t\t\t\t<\/a>\n\t\t\t\t<\/div>\n\t\t\t\t\t\t\t\t<\/div>\n\t\t\t\t<\/div>\n\t\t\t\t<\/div>\n\t\t\t\t\t<\/div>\n\t\t\t\t<\/div>\n\t\t\t\t<\/div>","protected":false},"excerpt":{"rendered":"<p>Especialidades FACE Home Humanizando Estruturas Potencializando Rela\u00e7\u00f5es Nossas Solu\u00e7\u00f5es Para Pessoas e Empresas A FACE oferece um portf\u00f3lio completo de servi\u00e7os para gest\u00e3o de pessoas com abordagem sist\u00eamica e humanizada, possibilitando assim o fortalecimento e a transforma\u00e7\u00e3o do ambiente corporativo, promovendo maior conex\u00e3o entre colaboradores e o neg\u00f3cio. Resultado dessa nova arquitetura de rela\u00e7\u00f5es corporativas [&hellip;]<\/p>","protected":false},"author":2,"featured_media":0,"parent":0,"menu_order":0,"comment_status":"closed","ping_status":"closed","template":"elementor_header_footer","meta":{"_joinchat":[],"footnotes":""},"class_list":["post-1905","page","type-page","status-publish","hentry"],"_links":{"self":[{"href":"https:\/\/facegestaosistemica.com.br\/es\/wp-json\/wp\/v2\/pages\/1905","targetHints":{"allow":["GET"]}}],"collection":[{"href":"https:\/\/facegestaosistemica.com.br\/es\/wp-json\/wp\/v2\/pages"}],"about":[{"href":"https:\/\/facegestaosistemica.com.br\/es\/wp-json\/wp\/v2\/types\/page"}],"author":[{"embeddable":true,"href":"https:\/\/facegestaosistemica.com.br\/es\/wp-json\/wp\/v2\/users\/2"}],"replies":[{"embeddable":true,"href":"https:\/\/facegestaosistemica.com.br\/es\/wp-json\/wp\/v2\/comments?post=1905"}],"version-history":[{"count":49,"href":"https:\/\/facegestaosistemica.com.br\/es\/wp-json\/wp\/v2\/pages\/1905\/revisions"}],"predecessor-version":[{"id":2408,"href":"https:\/\/facegestaosistemica.com.br\/es\/wp-json\/wp\/v2\/pages\/1905\/revisions\/2408"}],"wp:attachment":[{"href":"https:\/\/facegestaosistemica.com.br\/es\/wp-json\/wp\/v2\/media?parent=1905"}],"curies":[{"name":"wp","href":"https:\/\/api.w.org\/{rel}","templated":true}]}}