{"id":2377,"date":"2025-06-24T02:29:09","date_gmt":"2025-06-24T02:29:09","guid":{"rendered":"https:\/\/facegestaosistemica.com.br\/?page_id=2377"},"modified":"2025-06-24T15:20:10","modified_gmt":"2025-06-24T15:20:10","slug":"mentorias","status":"publish","type":"page","link":"https:\/\/facegestaosistemica.com.br\/en\/mentorias\/","title":{"rendered":"Mentorias Sist\u00eamicas"},"content":{"rendered":"<div data-elementor-type=\"wp-page\" data-elementor-id=\"2377\" class=\"elementor elementor-2377\" data-elementor-post-type=\"page\">\n\t\t\t\t<div class=\"elementor-element elementor-element-65ccaceb e-flex e-con-boxed e-con e-parent\" data-id=\"65ccaceb\" data-element_type=\"container\" data-settings=\"{&quot;background_background&quot;:&quot;classic&quot;}\">\n\t\t\t\t\t<div class=\"e-con-inner\">\n\t\t<div class=\"elementor-element elementor-element-6451cd20 e-con-full e-flex e-con e-child\" data-id=\"6451cd20\" data-element_type=\"container\">\n\t\t\t\t<div class=\"elementor-element elementor-element-5b4c0167 elementor-invisible elementor-widget elementor-widget-heading\" data-id=\"5b4c0167\" data-element_type=\"widget\" data-settings=\"{&quot;_animation&quot;:&quot;fadeIn&quot;}\" data-widget_type=\"heading.default\">\n\t\t\t\t<div class=\"elementor-widget-container\">\n\t\t\t\t\t<h2 class=\"elementor-heading-title elementor-size-default\">Mentorias<\/h2>\t\t\t\t<\/div>\n\t\t\t\t<\/div>\n\t\t\t\t<div class=\"elementor-element elementor-element-ce4469e elementor-icon-list--layout-inline elementor-align-center elementor-list-item-link-full_width elementor-invisible elementor-widget elementor-widget-icon-list\" data-id=\"ce4469e\" data-element_type=\"widget\" data-settings=\"{&quot;_animation&quot;:&quot;fadeIn&quot;,&quot;_animation_delay&quot;:200}\" data-widget_type=\"icon-list.default\">\n\t\t\t\t<div class=\"elementor-widget-container\">\n\t\t\t\t\t\t\t<ul class=\"elementor-icon-list-items elementor-inline-items\">\n\t\t\t\t\t\t\t<li class=\"elementor-icon-list-item elementor-inline-item\">\n\t\t\t\t\t\t\t\t\t\t\t<a href=\"https:\/\/facegestaosistemica.com.br\/en\">\n\n\t\t\t\t\t\t\t\t\t\t\t<span class=\"elementor-icon-list-text\">Home<\/span>\n\t\t\t\t\t\t\t\t\t\t\t<\/a>\n\t\t\t\t\t\t\t\t\t<\/li>\n\t\t\t\t\t\t\t\t<li class=\"elementor-icon-list-item elementor-inline-item\">\n\t\t\t\t\t\t\t\t\t\t\t<a href=\"https:\/\/facegestaosistemica.com.br\/en\/mentorias\/\">\n\n\t\t\t\t\t\t\t\t\t\t\t\t<span class=\"elementor-icon-list-icon\">\n\t\t\t\t\t\t\t<i aria-hidden=\"true\" class=\"icon icon-right-arrow1\"><\/i>\t\t\t\t\t\t<\/span>\n\t\t\t\t\t\t\t\t\t\t<span class=\"elementor-icon-list-text\">Mentorias Sist\u00eamicas<\/span>\n\t\t\t\t\t\t\t\t\t\t\t<\/a>\n\t\t\t\t\t\t\t\t\t<\/li>\n\t\t\t\t\t\t<\/ul>\n\t\t\t\t\t\t<\/div>\n\t\t\t\t<\/div>\n\t\t\t\t<\/div>\n\t\t\t\t\t<\/div>\n\t\t\t\t<\/div>\n\t\t<div class=\"elementor-element elementor-element-5b008d30 e-flex e-con-boxed e-con e-parent\" data-id=\"5b008d30\" data-element_type=\"container\">\n\t\t\t\t\t<div class=\"e-con-inner\">\n\t\t<div class=\"elementor-element elementor-element-51c0dc92 e-con-full e-flex e-con e-child\" data-id=\"51c0dc92\" data-element_type=\"container\">\n\t\t\t\t<div class=\"elementor-element elementor-element-23250687 elementor-invisible elementor-widget elementor-widget-text-editor\" data-id=\"23250687\" data-element_type=\"widget\" data-settings=\"{&quot;_animation&quot;:&quot;fadeIn&quot;}\" data-widget_type=\"text-editor.default\">\n\t\t\t\t<div class=\"elementor-widget-container\">\n\t\t\t\t\t\t\t\t\t<p>Introdu\u00e7\u00e3o \u00e0 Mentoria FACE<\/p>\t\t\t\t\t\t\t\t<\/div>\n\t\t\t\t<\/div>\n\t\t\t\t<div class=\"elementor-element elementor-element-3cc80784 elementor-widget__width-initial elementor-invisible elementor-widget elementor-widget-heading\" data-id=\"3cc80784\" data-element_type=\"widget\" data-settings=\"{&quot;_animation&quot;:&quot;fadeIn&quot;,&quot;_animation_delay&quot;:200}\" data-widget_type=\"heading.default\">\n\t\t\t\t<div class=\"elementor-widget-container\">\n\t\t\t\t\t<h2 class=\"elementor-heading-title elementor-size-default\">Uma Jornada de Transforma\u00e7\u00e3o Guiada<\/h2>\t\t\t\t<\/div>\n\t\t\t\t<\/div>\n\t\t\t\t<div class=\"elementor-element elementor-element-4d30fdfc elementor-invisible elementor-widget elementor-widget-text-editor\" data-id=\"4d30fdfc\" data-element_type=\"widget\" data-settings=\"{&quot;_animation&quot;:&quot;fadeIn&quot;}\" data-widget_type=\"text-editor.default\">\n\t\t\t\t<div class=\"elementor-widget-container\">\n\t\t\t\t\t\t\t\t\t<p data-sourcepos=\"17:1-18:208\">Nossas mentorias s\u00e3o um convite para ir al\u00e9m do convencional. Diferente de uma abordagem focada apenas em metas e desempenho, n\u00f3s olhamos para voc\u00ea e seus desafios atrav\u00e9s de uma lente sist\u00eamica e humanizada.<\/p><p data-sourcepos=\"20:1-20:317\">Entendemos que sua carreira, seus relacionamentos e sua biografia est\u00e3o profundamente interligados. <span class=\"citation-198 citation-end-198\">Nosso papel, como mentoras, \u00e9 facilitar o caminho para que voc\u00ea encontre clareza, equil\u00edbrio e a for\u00e7a para realizar seu pleno potencial, tornando-se o agente ativo do seu pr\u00f3prio desenvolvimento<\/span>.<\/p>\t\t\t\t\t\t\t\t<\/div>\n\t\t\t\t<\/div>\n\t\t\t\t<div class=\"elementor-element elementor-element-29e76c3 elementor-widget-tablet__width-initial elementor-widget elementor-widget-heading\" data-id=\"29e76c3\" data-element_type=\"widget\" data-widget_type=\"heading.default\">\n\t\t\t\t<div class=\"elementor-widget-container\">\n\t\t\t\t\t<h3 class=\"elementor-heading-title elementor-size-default\">Um Espa\u00e7o para o seu Crescimento<\/h3>\t\t\t\t<\/div>\n\t\t\t\t<\/div>\n\t\t\t\t<div class=\"elementor-element elementor-element-f311058 elementor-invisible elementor-widget elementor-widget-text-editor\" data-id=\"f311058\" data-element_type=\"widget\" data-settings=\"{&quot;_animation&quot;:&quot;fadeIn&quot;}\" data-widget_type=\"text-editor.default\">\n\t\t\t\t<div class=\"elementor-widget-container\">\n\t\t\t\t\t\t\t\t\t<p data-sourcepos=\"11:1-11:136\"><span class=\"citation-197 citation-end-197\">Oferecemos mentoria e acompanhamento sist\u00eamico individualizado para l\u00edderes, gestores e profissionais que buscam superar desafios, realinhar a carreira ou desenvolver novas compet\u00eancias<\/span>. \u00c9 um processo confidencial e focado em seus objetivos, que integra seus talentos e sua biografia para destravar o pr\u00f3ximo n\u00edvel do seu desenvolvimento profissional.<\/p>\t\t\t\t\t\t\t\t<\/div>\n\t\t\t\t<\/div>\n\t\t\t\t<\/div>\n\t\t<div class=\"elementor-element elementor-element-62d40c19 e-con-full e-flex e-con e-child\" data-id=\"62d40c19\" data-element_type=\"container\">\n\t\t\t\t<div class=\"elementor-element elementor-element-187131a8 elementor-widget__width-initial elementor-widget elementor-widget-image\" data-id=\"187131a8\" data-element_type=\"widget\" data-widget_type=\"image.default\">\n\t\t\t\t<div class=\"elementor-widget-container\">\n\t\t\t\t\t\t\t\t\t\t\t\t\t\t\t<img fetchpriority=\"high\" decoding=\"async\" width=\"1200\" height=\"1800\" src=\"https:\/\/facegestaosistemica.com.br\/wp-content\/uploads\/2025\/05\/FACE-Gestao-Sistemica-Silvana-Zanin-e-Joana-Nascimento-Pennacchi-8.webp\" class=\"attachment-full size-full wp-image-2121\" alt=\"\" srcset=\"https:\/\/facegestaosistemica.com.br\/wp-content\/uploads\/2025\/05\/FACE-Gestao-Sistemica-Silvana-Zanin-e-Joana-Nascimento-Pennacchi-8.webp 1200w, https:\/\/facegestaosistemica.com.br\/wp-content\/uploads\/2025\/05\/FACE-Gestao-Sistemica-Silvana-Zanin-e-Joana-Nascimento-Pennacchi-8-200x300.webp 200w, https:\/\/facegestaosistemica.com.br\/wp-content\/uploads\/2025\/05\/FACE-Gestao-Sistemica-Silvana-Zanin-e-Joana-Nascimento-Pennacchi-8-683x1024.webp 683w, https:\/\/facegestaosistemica.com.br\/wp-content\/uploads\/2025\/05\/FACE-Gestao-Sistemica-Silvana-Zanin-e-Joana-Nascimento-Pennacchi-8-768x1152.webp 768w, https:\/\/facegestaosistemica.com.br\/wp-content\/uploads\/2025\/05\/FACE-Gestao-Sistemica-Silvana-Zanin-e-Joana-Nascimento-Pennacchi-8-1024x1536.webp 1024w, https:\/\/facegestaosistemica.com.br\/wp-content\/uploads\/2025\/05\/FACE-Gestao-Sistemica-Silvana-Zanin-e-Joana-Nascimento-Pennacchi-8-8x12.webp 8w\" sizes=\"(max-width: 1200px) 100vw, 1200px\" \/>\t\t\t\t\t\t\t\t\t\t\t\t\t\t\t<\/div>\n\t\t\t\t<\/div>\n\t\t\t\t<\/div>\n\t\t\t\t\t<\/div>\n\t\t\t\t<\/div>\n\t\t<div class=\"elementor-element elementor-element-97ccf48 e-flex e-con-boxed e-con e-parent\" data-id=\"97ccf48\" data-element_type=\"container\">\n\t\t\t\t\t<div class=\"e-con-inner\">\n\t\t<div class=\"elementor-element elementor-element-bf0ddc5 e-con-full e-flex e-con e-child\" data-id=\"bf0ddc5\" data-element_type=\"container\">\n\t\t\t\t<div class=\"elementor-element elementor-element-650a6fb elementor-widget__width-initial elementor-widget elementor-widget-image\" data-id=\"650a6fb\" data-element_type=\"widget\" data-widget_type=\"image.default\">\n\t\t\t\t<div class=\"elementor-widget-container\">\n\t\t\t\t\t\t\t\t\t\t\t\t\t\t\t<img decoding=\"async\" width=\"1200\" height=\"1800\" src=\"https:\/\/facegestaosistemica.com.br\/wp-content\/uploads\/2025\/05\/FACE-Gestao-Sistemica-Silvana-Zanin-e-Joana-Nascimento-Pennacchi-11.webp\" class=\"attachment-full size-full wp-image-2114\" alt=\"\" srcset=\"https:\/\/facegestaosistemica.com.br\/wp-content\/uploads\/2025\/05\/FACE-Gestao-Sistemica-Silvana-Zanin-e-Joana-Nascimento-Pennacchi-11.webp 1200w, https:\/\/facegestaosistemica.com.br\/wp-content\/uploads\/2025\/05\/FACE-Gestao-Sistemica-Silvana-Zanin-e-Joana-Nascimento-Pennacchi-11-200x300.webp 200w, https:\/\/facegestaosistemica.com.br\/wp-content\/uploads\/2025\/05\/FACE-Gestao-Sistemica-Silvana-Zanin-e-Joana-Nascimento-Pennacchi-11-683x1024.webp 683w, https:\/\/facegestaosistemica.com.br\/wp-content\/uploads\/2025\/05\/FACE-Gestao-Sistemica-Silvana-Zanin-e-Joana-Nascimento-Pennacchi-11-768x1152.webp 768w, https:\/\/facegestaosistemica.com.br\/wp-content\/uploads\/2025\/05\/FACE-Gestao-Sistemica-Silvana-Zanin-e-Joana-Nascimento-Pennacchi-11-1024x1536.webp 1024w, https:\/\/facegestaosistemica.com.br\/wp-content\/uploads\/2025\/05\/FACE-Gestao-Sistemica-Silvana-Zanin-e-Joana-Nascimento-Pennacchi-11-8x12.webp 8w\" sizes=\"(max-width: 1200px) 100vw, 1200px\" \/>\t\t\t\t\t\t\t\t\t\t\t\t\t\t\t<\/div>\n\t\t\t\t<\/div>\n\t\t\t\t<\/div>\n\t\t<div class=\"elementor-element elementor-element-50dcc42 e-con-full e-flex e-con e-child\" data-id=\"50dcc42\" data-element_type=\"container\">\n\t\t\t\t<div class=\"elementor-element elementor-element-5719225 elementor-invisible elementor-widget elementor-widget-text-editor\" data-id=\"5719225\" data-element_type=\"widget\" data-settings=\"{&quot;_animation&quot;:&quot;fadeIn&quot;}\" data-widget_type=\"text-editor.default\">\n\t\t\t\t<div class=\"elementor-widget-container\">\n\t\t\t\t\t\t\t\t\t<p>mentorias em grupo<\/p>\t\t\t\t\t\t\t\t<\/div>\n\t\t\t\t<\/div>\n\t\t\t\t<div class=\"elementor-element elementor-element-3fbeba5 elementor-widget__width-initial elementor-invisible elementor-widget elementor-widget-heading\" data-id=\"3fbeba5\" data-element_type=\"widget\" data-settings=\"{&quot;_animation&quot;:&quot;fadeIn&quot;,&quot;_animation_delay&quot;:200}\" data-widget_type=\"heading.default\">\n\t\t\t\t<div class=\"elementor-widget-container\">\n\t\t\t\t\t<h2 class=\"elementor-heading-title elementor-size-default\">A For\u00e7a da Intelig\u00eancia Coletiva<\/h2>\t\t\t\t<\/div>\n\t\t\t\t<\/div>\n\t\t\t\t<div class=\"elementor-element elementor-element-c09196b elementor-invisible elementor-widget elementor-widget-text-editor\" data-id=\"c09196b\" data-element_type=\"widget\" data-settings=\"{&quot;_animation&quot;:&quot;fadeIn&quot;}\" data-widget_type=\"text-editor.default\">\n\t\t\t\t<div class=\"elementor-widget-container\">\n\t\t\t\t\t\t\t\t\t<p data-sourcepos=\"18:1-18:115\">Nossos grupos de mentoria s\u00e3o ambientes seguros e estruturados de troca e aprendizado. Utilizando as din\u00e2micas de grupo e a vis\u00e3o sist\u00eamica, os participantes compartilham desafios, ganham novas perspectivas e constroem solu\u00e7\u00f5es em conjunto. \u00c9 a for\u00e7a do coletivo a servi\u00e7o do crescimento de cada um.<\/p>\t\t\t\t\t\t\t\t<\/div>\n\t\t\t\t<\/div>\n\t\t\t\t<div class=\"elementor-element elementor-element-a75ccee elementor-widget-tablet__width-initial elementor-widget elementor-widget-heading\" data-id=\"a75ccee\" data-element_type=\"widget\" data-widget_type=\"heading.default\">\n\t\t\t\t<div class=\"elementor-widget-container\">\n\t\t\t\t\t<h3 class=\"elementor-heading-title elementor-size-default\">Como Funciona o Nosso Trabalho<\/h3>\t\t\t\t<\/div>\n\t\t\t\t<\/div>\n\t\t\t\t<div class=\"elementor-element elementor-element-b356641 elementor-invisible elementor-widget elementor-widget-text-editor\" data-id=\"b356641\" data-element_type=\"widget\" data-settings=\"{&quot;_animation&quot;:&quot;fadeIn&quot;}\" data-widget_type=\"text-editor.default\">\n\t\t\t\t<div class=\"elementor-widget-container\">\n\t\t\t\t\t\t\t\t\t<ul><li data-sourcepos=\"40:1-40:159\"><strong>Escuta Sist\u00eamica:<\/strong> Mais do que ouvir o problema, buscamos entender as din\u00e2micas ocultas e as conex\u00f5es que o originam, olhando para o sistema como um todo.<br \/><br \/><\/li><li data-sourcepos=\"41:1-41:189\"><strong><span class=\"citation-196\">Ferramentas Integrativas:<\/span><\/strong><span class=\"citation-196 citation-end-196\"> Combinamos conceitos da vis\u00e3o sist\u00eamica, antroposofia, biopsicologia, coaching e din\u00e2micas de grupo para uma abordagem completa e \u00fanica<\/span>.<br \/><div class=\"source-inline-chip-container ng-star-inserted\">\u00a0<\/div><\/li><li data-sourcepos=\"42:1-43:0\"><strong><span class=\"citation-195\">Foco na Autonomia:<\/span><\/strong><span class=\"citation-195 citation-end-195\"> Nosso objetivo n\u00e3o \u00e9 dar respostas prontas, mas capacitar voc\u00ea a encontrar suas pr\u00f3prias solu\u00e7\u00f5es e se responsabilizar pela sua jornada de crescimento e realiza\u00e7\u00e3o<\/span>.<\/li><\/ul>\t\t\t\t\t\t\t\t<\/div>\n\t\t\t\t<\/div>\n\t\t\t\t<div class=\"elementor-element elementor-element-05846eb elementor-widget-tablet__width-initial elementor-widget elementor-widget-heading\" data-id=\"05846eb\" data-element_type=\"widget\" data-widget_type=\"heading.default\">\n\t\t\t\t<div class=\"elementor-widget-container\">\n\t\t\t\t\t<h3 class=\"elementor-heading-title elementor-size-default\">Pronto(a) para Iniciar sua Jornada?<\/h3>\t\t\t\t<\/div>\n\t\t\t\t<\/div>\n\t\t\t\t<div class=\"elementor-element elementor-element-425937e elementor-invisible elementor-widget elementor-widget-text-editor\" data-id=\"425937e\" data-element_type=\"widget\" data-settings=\"{&quot;_animation&quot;:&quot;fadeIn&quot;}\" data-widget_type=\"text-editor.default\">\n\t\t\t\t<div class=\"elementor-widget-container\">\n\t\t\t\t\t\t\t\t\t<p>Se voc\u00ea sente que \u00e9 o momento de dar o pr\u00f3ximo passo em seu desenvolvimento pessoal e profissional, entre em contato conosco. Vamos agendar uma conversa inicial para entender seu momento e como podemos caminhar juntos.<\/p>\t\t\t\t\t\t\t\t<\/div>\n\t\t\t\t<\/div>\n\t\t\t\t<\/div>\n\t\t\t\t\t<\/div>\n\t\t\t\t<\/div>\n\t\t<div class=\"elementor-element elementor-element-1ffcaed5 e-flex e-con-boxed e-con e-parent\" data-id=\"1ffcaed5\" data-element_type=\"container\" data-settings=\"{&quot;background_background&quot;:&quot;classic&quot;}\">\n\t\t\t\t\t<div class=\"e-con-inner\">\n\t\t<div class=\"elementor-element elementor-element-3cb5b1ee e-con-full e-flex elementor-invisible e-con e-child\" data-id=\"3cb5b1ee\" data-element_type=\"container\" data-settings=\"{&quot;background_background&quot;:&quot;classic&quot;,&quot;animation&quot;:&quot;fadeIn&quot;}\">\n\t\t\t\t<div class=\"elementor-element elementor-element-6db7e375 elementor-widget elementor-widget-image\" data-id=\"6db7e375\" data-element_type=\"widget\" data-widget_type=\"image.default\">\n\t\t\t\t<div class=\"elementor-widget-container\">\n\t\t\t\t\t\t\t\t\t\t\t\t\t\t\t<img decoding=\"async\" width=\"2162\" height=\"878\" src=\"https:\/\/facegestaosistemica.com.br\/wp-content\/uploads\/2025\/04\/Face-Gestao-Sistemica-Logo-Verde.webp\" class=\"attachment-full size-full wp-image-2035\" alt=\"\" srcset=\"https:\/\/facegestaosistemica.com.br\/wp-content\/uploads\/2025\/04\/Face-Gestao-Sistemica-Logo-Verde.webp 2162w, https:\/\/facegestaosistemica.com.br\/wp-content\/uploads\/2025\/04\/Face-Gestao-Sistemica-Logo-Verde-300x122.webp 300w, https:\/\/facegestaosistemica.com.br\/wp-content\/uploads\/2025\/04\/Face-Gestao-Sistemica-Logo-Verde-1024x416.webp 1024w, https:\/\/facegestaosistemica.com.br\/wp-content\/uploads\/2025\/04\/Face-Gestao-Sistemica-Logo-Verde-768x312.webp 768w, https:\/\/facegestaosistemica.com.br\/wp-content\/uploads\/2025\/04\/Face-Gestao-Sistemica-Logo-Verde-1536x624.webp 1536w, https:\/\/facegestaosistemica.com.br\/wp-content\/uploads\/2025\/04\/Face-Gestao-Sistemica-Logo-Verde-2048x832.webp 2048w, https:\/\/facegestaosistemica.com.br\/wp-content\/uploads\/2025\/04\/Face-Gestao-Sistemica-Logo-Verde-18x7.webp 18w\" sizes=\"(max-width: 2162px) 100vw, 2162px\" \/>\t\t\t\t\t\t\t\t\t\t\t\t\t\t\t<\/div>\n\t\t\t\t<\/div>\n\t\t\t\t<div class=\"elementor-element elementor-element-d87f919 elementor-invisible elementor-widget elementor-widget-text-editor\" data-id=\"d87f919\" data-element_type=\"widget\" data-settings=\"{&quot;_animation&quot;:&quot;fadeIn&quot;}\" data-widget_type=\"text-editor.default\">\n\t\t\t\t<div class=\"elementor-widget-container\">\n\t\t\t\t\t\t\t\t\t<p>TRANSFORMA\u00c7\u00c3O HUMANA E ORGANIZACIONAL<\/p>\t\t\t\t\t\t\t\t<\/div>\n\t\t\t\t<\/div>\n\t\t\t\t<div class=\"elementor-element elementor-element-6b92ca90 elementor-invisible elementor-widget elementor-widget-heading\" data-id=\"6b92ca90\" data-element_type=\"widget\" data-settings=\"{&quot;_animation&quot;:&quot;fadeIn&quot;,&quot;_animation_delay&quot;:200}\" data-widget_type=\"heading.default\">\n\t\t\t\t<div class=\"elementor-widget-container\">\n\t\t\t\t\t<h2 class=\"elementor-heading-title elementor-size-default\">Sua Empresa com Consci\u00eancia e Prop\u00f3sito<\/h2>\t\t\t\t<\/div>\n\t\t\t\t<\/div>\n\t\t\t\t<div class=\"elementor-element elementor-element-78e563c9 elementor-widget-divider--view-line elementor-invisible elementor-widget elementor-widget-divider\" data-id=\"78e563c9\" data-element_type=\"widget\" data-settings=\"{&quot;_animation&quot;:&quot;fadeIn&quot;,&quot;_animation_delay&quot;:500}\" data-widget_type=\"divider.default\">\n\t\t\t\t<div class=\"elementor-widget-container\">\n\t\t\t\t\t\t\t<div class=\"elementor-divider\">\n\t\t\t<span class=\"elementor-divider-separator\">\n\t\t\t\t\t\t<\/span>\n\t\t<\/div>\n\t\t\t\t\t\t<\/div>\n\t\t\t\t<\/div>\n\t\t\t\t<div class=\"elementor-element elementor-element-52910ae2 elementor-widget elementor-widget-text-editor\" data-id=\"52910ae2\" data-element_type=\"widget\" data-widget_type=\"text-editor.default\">\n\t\t\t\t<div class=\"elementor-widget-container\">\n\t\t\t\t\t\t\t\t\t<p>Da escuta atenta \u00e0 resolu\u00e7\u00e3o de conflitos e \u00e0 constru\u00e7\u00e3o de solu\u00e7\u00f5es, buscamos autenticidade, equil\u00edbrio e desenvolvimento integral.<\/p><p>Com um olhar cuidadoso para o neg\u00f3cio e uma conex\u00e3o genu\u00edna com as pessoas, caminhamos junto aos nossos clientes rumo a um novo tempo organizacional, construindo ambientes mais seguros e acolhedores, fortalecendo as rela\u00e7\u00f5es e reduzindo os passivos trabalhistas e sociais que t\u00eam origem nas rela\u00e7\u00f5es e impactam diretamente as empresas.<\/p>\t\t\t\t\t\t\t\t<\/div>\n\t\t\t\t<\/div>\n\t\t\t\t<div class=\"elementor-element elementor-element-1340b63e elementor-align-left elementor-mobile-align-center elementor-invisible elementor-widget elementor-widget-button\" data-id=\"1340b63e\" data-element_type=\"widget\" data-settings=\"{&quot;_animation&quot;:&quot;fadeIn&quot;,&quot;_animation_delay&quot;:400}\" data-widget_type=\"button.default\">\n\t\t\t\t<div class=\"elementor-widget-container\">\n\t\t\t\t\t\t\t\t\t<div class=\"elementor-button-wrapper\">\n\t\t\t\t\t<a class=\"elementor-button elementor-button-link elementor-size-sm\" href=\"https:\/\/facegestaosistemica.com.br\/en\/download\/\">\n\t\t\t\t\t\t<span class=\"elementor-button-content-wrapper\">\n\t\t\t\t\t\t\t\t\t<span class=\"elementor-button-text\">Request Presentation<\/span>\n\t\t\t\t\t<\/span>\n\t\t\t\t\t<\/a>\n\t\t\t\t<\/div>\n\t\t\t\t\t\t\t\t<\/div>\n\t\t\t\t<\/div>\n\t\t\t\t<\/div>\n\t\t\t\t\t<\/div>\n\t\t\t\t<\/div>\n\t\t\t\t<\/div>","protected":false},"excerpt":{"rendered":"<p>Mentorias Home Introdu\u00e7\u00e3o \u00e0 Mentoria FACE Uma Jornada de Transforma\u00e7\u00e3o Guiada Nossas mentorias s\u00e3o um convite para ir al\u00e9m do convencional. Diferente de uma abordagem focada apenas em metas e desempenho, n\u00f3s olhamos para voc\u00ea e seus desafios atrav\u00e9s de uma lente sist\u00eamica e humanizada. Entendemos que sua carreira, seus relacionamentos e sua biografia est\u00e3o [&hellip;]<\/p>","protected":false},"author":2,"featured_media":0,"parent":0,"menu_order":0,"comment_status":"closed","ping_status":"closed","template":"elementor_header_footer","meta":{"_joinchat":[],"footnotes":""},"class_list":["post-2377","page","type-page","status-publish","hentry"],"_links":{"self":[{"href":"https:\/\/facegestaosistemica.com.br\/en\/wp-json\/wp\/v2\/pages\/2377","targetHints":{"allow":["GET"]}}],"collection":[{"href":"https:\/\/facegestaosistemica.com.br\/en\/wp-json\/wp\/v2\/pages"}],"about":[{"href":"https:\/\/facegestaosistemica.com.br\/en\/wp-json\/wp\/v2\/types\/page"}],"author":[{"embeddable":true,"href":"https:\/\/facegestaosistemica.com.br\/en\/wp-json\/wp\/v2\/users\/2"}],"replies":[{"embeddable":true,"href":"https:\/\/facegestaosistemica.com.br\/en\/wp-json\/wp\/v2\/comments?post=2377"}],"version-history":[{"count":16,"href":"https:\/\/facegestaosistemica.com.br\/en\/wp-json\/wp\/v2\/pages\/2377\/revisions"}],"predecessor-version":[{"id":2414,"href":"https:\/\/facegestaosistemica.com.br\/en\/wp-json\/wp\/v2\/pages\/2377\/revisions\/2414"}],"wp:attachment":[{"href":"https:\/\/facegestaosistemica.com.br\/en\/wp-json\/wp\/v2\/media?parent=2377"}],"curies":[{"name":"wp","href":"https:\/\/api.w.org\/{rel}","templated":true}]}}