{"id":2307,"date":"2025-06-23T01:24:06","date_gmt":"2025-06-23T01:24:06","guid":{"rendered":"https:\/\/facegestaosistemica.com.br\/?page_id=2307"},"modified":"2025-06-24T02:21:26","modified_gmt":"2025-06-24T02:21:26","slug":"download","status":"publish","type":"page","link":"https:\/\/facegestaosistemica.com.br\/en\/download\/","title":{"rendered":"Request Presentation"},"content":{"rendered":"<div data-elementor-type=\"wp-page\" data-elementor-id=\"2307\" class=\"elementor elementor-2307\" data-elementor-post-type=\"page\">\n\t\t\t\t<div class=\"elementor-element elementor-element-2347801 e-con-full e-flex e-con e-parent\" data-id=\"2347801\" data-element_type=\"container\">\n\t\t<div class=\"elementor-element elementor-element-1b58747 e-con-full e-flex e-con e-child\" data-id=\"1b58747\" data-element_type=\"container\" data-settings=\"{&quot;background_background&quot;:&quot;classic&quot;}\">\n\t\t<div class=\"elementor-element elementor-element-bfd22f0 e-con-full e-flex elementor-invisible e-con e-child\" data-id=\"bfd22f0\" data-element_type=\"container\" data-settings=\"{&quot;background_background&quot;:&quot;classic&quot;,&quot;animation&quot;:&quot;fadeIn&quot;}\">\n\t\t\t\t<div class=\"elementor-element elementor-element-f32a30d elementor-widget elementor-widget-image\" data-id=\"f32a30d\" data-element_type=\"widget\" data-widget_type=\"image.default\">\n\t\t\t\t<div class=\"elementor-widget-container\">\n\t\t\t\t\t\t\t\t\t\t\t\t\t\t\t<img fetchpriority=\"high\" decoding=\"async\" width=\"2162\" height=\"878\" src=\"https:\/\/facegestaosistemica.com.br\/wp-content\/uploads\/2025\/04\/Face-Gestao-Sistemica-Logo-Verde.webp\" class=\"attachment-full size-full wp-image-2035\" alt=\"\" srcset=\"https:\/\/facegestaosistemica.com.br\/wp-content\/uploads\/2025\/04\/Face-Gestao-Sistemica-Logo-Verde.webp 2162w, https:\/\/facegestaosistemica.com.br\/wp-content\/uploads\/2025\/04\/Face-Gestao-Sistemica-Logo-Verde-300x122.webp 300w, https:\/\/facegestaosistemica.com.br\/wp-content\/uploads\/2025\/04\/Face-Gestao-Sistemica-Logo-Verde-1024x416.webp 1024w, https:\/\/facegestaosistemica.com.br\/wp-content\/uploads\/2025\/04\/Face-Gestao-Sistemica-Logo-Verde-768x312.webp 768w, https:\/\/facegestaosistemica.com.br\/wp-content\/uploads\/2025\/04\/Face-Gestao-Sistemica-Logo-Verde-1536x624.webp 1536w, https:\/\/facegestaosistemica.com.br\/wp-content\/uploads\/2025\/04\/Face-Gestao-Sistemica-Logo-Verde-2048x832.webp 2048w, https:\/\/facegestaosistemica.com.br\/wp-content\/uploads\/2025\/04\/Face-Gestao-Sistemica-Logo-Verde-18x7.webp 18w\" sizes=\"(max-width: 2162px) 100vw, 2162px\" \/>\t\t\t\t\t\t\t\t\t\t\t\t\t\t\t<\/div>\n\t\t\t\t<\/div>\n\t\t\t\t<div class=\"elementor-element elementor-element-60f6765 elementor-widget elementor-widget-text-editor\" data-id=\"60f6765\" data-element_type=\"widget\" data-widget_type=\"text-editor.default\">\n\t\t\t\t<div class=\"elementor-widget-container\">\n\t\t\t\t\t\t\t\t\t<p>TRANSFORMA\u00c7\u00c3O HUMANA E ORGANIZACIONAL<\/p>\t\t\t\t\t\t\t\t<\/div>\n\t\t\t\t<\/div>\n\t\t\t\t<div class=\"elementor-element elementor-element-fd45e8d elementor-invisible elementor-widget elementor-widget-heading\" data-id=\"fd45e8d\" data-element_type=\"widget\" data-settings=\"{&quot;_animation&quot;:&quot;fadeIn&quot;,&quot;_animation_delay&quot;:200}\" data-widget_type=\"heading.default\">\n\t\t\t\t<div class=\"elementor-widget-container\">\n\t\t\t\t\t<h2 class=\"elementor-heading-title elementor-size-default\">Request Presentation<\/h2>\t\t\t\t<\/div>\n\t\t\t\t<\/div>\n\t\t\t\t<div class=\"elementor-element elementor-element-63051df elementor-widget-divider--view-line elementor-invisible elementor-widget elementor-widget-divider\" data-id=\"63051df\" data-element_type=\"widget\" data-settings=\"{&quot;_animation&quot;:&quot;fadeIn&quot;,&quot;_animation_delay&quot;:500}\" data-widget_type=\"divider.default\">\n\t\t\t\t<div class=\"elementor-widget-container\">\n\t\t\t\t\t\t\t<div class=\"elementor-divider\">\n\t\t\t<span class=\"elementor-divider-separator\">\n\t\t\t\t\t\t<\/span>\n\t\t<\/div>\n\t\t\t\t\t\t<\/div>\n\t\t\t\t<\/div>\n\t\t\t\t<div class=\"elementor-element elementor-element-4b0b75a elementor-widget elementor-widget-text-editor\" data-id=\"4b0b75a\" data-element_type=\"widget\" data-widget_type=\"text-editor.default\">\n\t\t\t\t<div class=\"elementor-widget-container\">\n\t\t\t\t\t\t\t\t\t<p style=\"text-align: left;\">Acreditamos que cada empresa \u00e9 um universo \u00fanico. Para que possamos entender suas necessidades e apresentar as solu\u00e7\u00f5es da FACE que mais se conectam ao seu momento, preencha o formul\u00e1rio. Ser\u00e1 um prazer agendar uma conversa e come\u00e7armos a desenhar um caminho juntos.<\/p>\t\t\t\t\t\t\t\t<\/div>\n\t\t\t\t<\/div>\n\t\t\t\t<div class=\"elementor-element elementor-element-052c405 elementor-button-align-stretch elementor-invisible elementor-widget elementor-widget-form\" data-id=\"052c405\" data-element_type=\"widget\" data-settings=\"{&quot;step_next_label&quot;:&quot;Next&quot;,&quot;step_previous_label&quot;:&quot;Previous&quot;,&quot;_animation&quot;:&quot;fadeInUp&quot;,&quot;button_width&quot;:&quot;100&quot;,&quot;step_type&quot;:&quot;number_text&quot;,&quot;step_icon_shape&quot;:&quot;circle&quot;}\" data-widget_type=\"form.default\">\n\t\t\t\t<div class=\"elementor-widget-container\">\n\t\t\t\t\t\t\t<form class=\"elementor-form\" method=\"post\" id=\"download_apresentacao_website\" name=\"Apresenta\u00e7\u00e3o - Website\" action=\"\">\n\t\t\t<input type=\"hidden\" name=\"post_id\" value=\"2307\"\/>\n\t\t\t<input type=\"hidden\" name=\"form_id\" value=\"052c405\"\/>\n\t\t\t<input type=\"hidden\" name=\"referer_title\" value=\"\" \/>\n\n\t\t\t\n\t\t\t<div class=\"elementor-form-fields-wrapper elementor-labels-\">\n\t\t\t\t\t\t\t\t<div class=\"elementor-field-type-text elementor-field-group elementor-column elementor-field-group-name elementor-col-100 elementor-field-required\">\n\t\t\t\t\t\t\t\t\t\t\t\t<label for=\"form-field-name\" class=\"elementor-field-label elementor-screen-only\">\n\t\t\t\t\t\t\t\tNome Completo\t\t\t\t\t\t\t<\/label>\n\t\t\t\t\t\t\t\t\t\t\t\t\t\t<input size=\"1\" type=\"text\" name=\"form_fields[name]\" id=\"form-field-name\" class=\"elementor-field elementor-size-sm  elementor-field-textual\" placeholder=\"Full Name*\" required=\"required\">\n\t\t\t\t\t\t\t\t\t\t\t<\/div>\n\t\t\t\t\t\t\t\t<div class=\"elementor-field-type-email elementor-field-group elementor-column elementor-field-group-email elementor-col-100\">\n\t\t\t\t\t\t\t\t\t\t\t\t<label for=\"form-field-email\" class=\"elementor-field-label elementor-screen-only\">\n\t\t\t\t\t\t\t\tEmail\t\t\t\t\t\t\t<\/label>\n\t\t\t\t\t\t\t\t\t\t\t\t\t\t<input size=\"1\" type=\"email\" name=\"form_fields[email]\" id=\"form-field-email\" class=\"elementor-field elementor-size-sm  elementor-field-textual\" placeholder=\"Email*\">\n\t\t\t\t\t\t\t\t\t\t\t<\/div>\n\t\t\t\t\t\t\t\t<div class=\"elementor-field-type-tel elementor-field-group elementor-column elementor-field-group-telefone elementor-col-50 elementor-field-required\">\n\t\t\t\t\t\t\t\t\t\t\t\t<label for=\"form-field-telefone\" class=\"elementor-field-label elementor-screen-only\">\n\t\t\t\t\t\t\t\tWhatsApp\t\t\t\t\t\t\t<\/label>\n\t\t\t\t\t\t\t\t<input size=\"1\" type=\"tel\" name=\"form_fields[telefone]\" id=\"form-field-telefone\" class=\"elementor-field elementor-size-sm  elementor-field-textual\" placeholder=\"WhatsApp*\" required=\"required\" pattern=\"[0-9()#&amp;+*-=.]+\" title=\"Only numbers and phone characters (#, -, *, etc) are accepted.\">\n\n\t\t\t\t\t\t<\/div>\n\t\t\t\t\t\t\t\t<div class=\"elementor-field-type-text elementor-field-group elementor-column elementor-field-group-empresa elementor-col-50 elementor-field-required\">\n\t\t\t\t\t\t\t\t\t\t\t\t<label for=\"form-field-empresa\" class=\"elementor-field-label elementor-screen-only\">\n\t\t\t\t\t\t\t\tEmpresa\t\t\t\t\t\t\t<\/label>\n\t\t\t\t\t\t\t\t\t\t\t\t\t\t<input size=\"1\" type=\"text\" name=\"form_fields[empresa]\" id=\"form-field-empresa\" class=\"elementor-field elementor-size-sm  elementor-field-textual\" placeholder=\"Company*\" required=\"required\">\n\t\t\t\t\t\t\t\t\t\t\t<\/div>\n\t\t\t\t\t\t\t\t<div class=\"elementor-field-type-text elementor-field-group elementor-column elementor-field-group-cidade elementor-col-50 elementor-field-required\">\n\t\t\t\t\t\t\t\t\t\t\t\t<label for=\"form-field-cidade\" class=\"elementor-field-label elementor-screen-only\">\n\t\t\t\t\t\t\t\tCidade\t\t\t\t\t\t\t<\/label>\n\t\t\t\t\t\t\t\t\t\t\t\t\t\t<input size=\"1\" type=\"text\" name=\"form_fields[cidade]\" id=\"form-field-cidade\" class=\"elementor-field elementor-size-sm  elementor-field-textual\" placeholder=\"City*\" required=\"required\">\n\t\t\t\t\t\t\t\t\t\t\t<\/div>\n\t\t\t\t\t\t\t\t<div class=\"elementor-field-type-text elementor-field-group elementor-column elementor-field-group-estado elementor-col-50 elementor-field-required\">\n\t\t\t\t\t\t\t\t\t\t\t\t<label for=\"form-field-estado\" class=\"elementor-field-label elementor-screen-only\">\n\t\t\t\t\t\t\t\tEstado\t\t\t\t\t\t\t<\/label>\n\t\t\t\t\t\t\t\t\t\t\t\t\t\t<input size=\"1\" type=\"text\" name=\"form_fields[estado]\" id=\"form-field-estado\" class=\"elementor-field elementor-size-sm  elementor-field-textual\" placeholder=\"Country*\" required=\"required\">\n\t\t\t\t\t\t\t\t\t\t\t<\/div>\n\t\t\t\t\t\t\t\t<div class=\"elementor-field-group elementor-column elementor-field-type-submit elementor-col-100 e-form__buttons\">\n\t\t\t\t\t<button class=\"elementor-button elementor-size-sm\" type=\"submit\">\n\t\t\t\t\t\t<span class=\"elementor-button-content-wrapper\">\n\t\t\t\t\t\t\t\t\t\t\t\t\t\t\t\t\t\t\t\t\t\t<span class=\"elementor-button-text\">ENVIAR CONTATO<\/span>\n\t\t\t\t\t\t\t\t\t\t\t\t\t<\/span>\n\t\t\t\t\t<\/button>\n\t\t\t\t<\/div>\n\t\t\t<\/div>\n\t\t<input type=\"hidden\" name=\"trp-form-language\" value=\"en\"\/><\/form>\n\t\t\t\t\t\t<\/div>\n\t\t\t\t<\/div>\n\t\t\t\t<\/div>\n\t\t\t\t<\/div>\n\t\t\t\t<\/div>\n\t\t\t\t<\/div>","protected":false},"excerpt":{"rendered":"<p>TRANSFORMA\u00c7\u00c3O HUMANA E ORGANIZACIONAL Solicitar Apresenta\u00e7\u00e3o Acreditamos que cada empresa \u00e9 um universo \u00fanico. Para que possamos entender suas necessidades e apresentar as solu\u00e7\u00f5es da FACE que mais se conectam ao seu momento, preencha o formul\u00e1rio. Ser\u00e1 um prazer agendar uma conversa e come\u00e7armos a desenhar um caminho juntos.<\/p>","protected":false},"author":2,"featured_media":0,"parent":0,"menu_order":0,"comment_status":"closed","ping_status":"closed","template":"elementor_header_footer","meta":{"_joinchat":[],"footnotes":""},"class_list":["post-2307","page","type-page","status-publish","hentry"],"_links":{"self":[{"href":"https:\/\/facegestaosistemica.com.br\/en\/wp-json\/wp\/v2\/pages\/2307","targetHints":{"allow":["GET"]}}],"collection":[{"href":"https:\/\/facegestaosistemica.com.br\/en\/wp-json\/wp\/v2\/pages"}],"about":[{"href":"https:\/\/facegestaosistemica.com.br\/en\/wp-json\/wp\/v2\/types\/page"}],"author":[{"embeddable":true,"href":"https:\/\/facegestaosistemica.com.br\/en\/wp-json\/wp\/v2\/users\/2"}],"replies":[{"embeddable":true,"href":"https:\/\/facegestaosistemica.com.br\/en\/wp-json\/wp\/v2\/comments?post=2307"}],"version-history":[{"count":19,"href":"https:\/\/facegestaosistemica.com.br\/en\/wp-json\/wp\/v2\/pages\/2307\/revisions"}],"predecessor-version":[{"id":2358,"href":"https:\/\/facegestaosistemica.com.br\/en\/wp-json\/wp\/v2\/pages\/2307\/revisions\/2358"}],"wp:attachment":[{"href":"https:\/\/facegestaosistemica.com.br\/en\/wp-json\/wp\/v2\/media?parent=2307"}],"curies":[{"name":"wp","href":"https:\/\/api.w.org\/{rel}","templated":true}]}}