{"id":2227,"date":"2025-06-18T00:52:09","date_gmt":"2025-06-18T00:52:09","guid":{"rendered":"https:\/\/facegestaosistemica.com.br\/?page_id=2227"},"modified":"2025-06-24T02:27:48","modified_gmt":"2025-06-24T02:27:48","slug":"joana-do-nascimento-pennacchi","status":"publish","type":"page","link":"https:\/\/facegestaosistemica.com.br\/en\/joana-do-nascimento-pennacchi\/","title":{"rendered":"Joana do Nascimento Pennacchi"},"content":{"rendered":"<div data-elementor-type=\"wp-page\" data-elementor-id=\"2227\" class=\"elementor elementor-2227\" data-elementor-post-type=\"page\">\n\t\t\t\t<div class=\"elementor-element elementor-element-65ccaceb e-flex e-con-boxed e-con e-parent\" data-id=\"65ccaceb\" data-element_type=\"container\" data-settings=\"{&quot;background_background&quot;:&quot;classic&quot;}\">\n\t\t\t\t\t<div class=\"e-con-inner\">\n\t\t<div class=\"elementor-element elementor-element-6451cd20 e-con-full e-flex e-con e-child\" data-id=\"6451cd20\" data-element_type=\"container\">\n\t\t\t\t<div class=\"elementor-element elementor-element-5b4c0167 elementor-invisible elementor-widget elementor-widget-heading\" data-id=\"5b4c0167\" data-element_type=\"widget\" data-settings=\"{&quot;_animation&quot;:&quot;fadeIn&quot;}\" data-widget_type=\"heading.default\">\n\t\t\t\t<div class=\"elementor-widget-container\">\n\t\t\t\t\t<h2 class=\"elementor-heading-title elementor-size-default\">Joana do Nascimento Pennacchi<\/h2>\t\t\t\t<\/div>\n\t\t\t\t<\/div>\n\t\t\t\t<div class=\"elementor-element elementor-element-ce4469e elementor-icon-list--layout-inline elementor-align-center elementor-list-item-link-full_width elementor-invisible elementor-widget elementor-widget-icon-list\" data-id=\"ce4469e\" data-element_type=\"widget\" data-settings=\"{&quot;_animation&quot;:&quot;fadeIn&quot;,&quot;_animation_delay&quot;:200}\" data-widget_type=\"icon-list.default\">\n\t\t\t\t<div class=\"elementor-widget-container\">\n\t\t\t\t\t\t\t<ul class=\"elementor-icon-list-items elementor-inline-items\">\n\t\t\t\t\t\t\t<li class=\"elementor-icon-list-item elementor-inline-item\">\n\t\t\t\t\t\t\t\t\t\t\t<a href=\"https:\/\/facegestaosistemica.com.br\/en\">\n\n\t\t\t\t\t\t\t\t\t\t\t<span class=\"elementor-icon-list-text\">Home<\/span>\n\t\t\t\t\t\t\t\t\t\t\t<\/a>\n\t\t\t\t\t\t\t\t\t<\/li>\n\t\t\t\t\t\t\t\t<li class=\"elementor-icon-list-item elementor-inline-item\">\n\t\t\t\t\t\t\t\t\t\t\t<a href=\"https:\/\/facegestaosistemica.com.br\/en\/joana-do-nascimento-pennacchi\/\">\n\n\t\t\t\t\t\t\t\t\t\t\t\t<span class=\"elementor-icon-list-icon\">\n\t\t\t\t\t\t\t<i aria-hidden=\"true\" class=\"icon icon-right-arrow1\"><\/i>\t\t\t\t\t\t<\/span>\n\t\t\t\t\t\t\t\t\t\t<span class=\"elementor-icon-list-text\">About<\/span>\n\t\t\t\t\t\t\t\t\t\t\t<\/a>\n\t\t\t\t\t\t\t\t\t<\/li>\n\t\t\t\t\t\t<\/ul>\n\t\t\t\t\t\t<\/div>\n\t\t\t\t<\/div>\n\t\t\t\t<\/div>\n\t\t\t\t\t<\/div>\n\t\t\t\t<\/div>\n\t\t<div class=\"elementor-element elementor-element-805af3d e-flex e-con-boxed e-con e-parent\" data-id=\"805af3d\" data-element_type=\"container\">\n\t\t\t\t\t<div class=\"e-con-inner\">\n\t\t<div class=\"elementor-element elementor-element-7ff9b12 e-con-full e-flex e-con e-child\" data-id=\"7ff9b12\" data-element_type=\"container\">\n\t\t\t\t<div class=\"elementor-element elementor-element-3cc80784 elementor-widget__width-initial elementor-invisible elementor-widget elementor-widget-heading\" data-id=\"3cc80784\" data-element_type=\"widget\" data-settings=\"{&quot;_animation&quot;:&quot;fadeIn&quot;,&quot;_animation_delay&quot;:200}\" data-widget_type=\"heading.default\">\n\t\t\t\t<div class=\"elementor-widget-container\">\n\t\t\t\t\t<h2 class=\"elementor-heading-title elementor-size-default\">Joana do Nascimento Pennacchi\n<\/h2>\t\t\t\t<\/div>\n\t\t\t\t<\/div>\n\t\t\t\t<div class=\"elementor-element elementor-element-47c04cb elementor-invisible elementor-widget elementor-widget-text-editor\" data-id=\"47c04cb\" data-element_type=\"widget\" data-settings=\"{&quot;_animation&quot;:&quot;fadeIn&quot;}\" data-widget_type=\"text-editor.default\">\n\t\t\t\t<div class=\"elementor-widget-container\">\n\t\t\t\t\t\t\t\t\t<p>S\u00f3cia-fundadora | Mentora e Terapeuta Sist\u00eamica<\/p>\t\t\t\t\t\t\t\t<\/div>\n\t\t\t\t<\/div>\n\t\t\t\t<div class=\"elementor-element elementor-element-4d30fdfc elementor-invisible elementor-widget elementor-widget-text-editor\" data-id=\"4d30fdfc\" data-element_type=\"widget\" data-settings=\"{&quot;_animation&quot;:&quot;fadeIn&quot;}\" data-widget_type=\"text-editor.default\">\n\t\t\t\t<div class=\"elementor-widget-container\">\n\t\t\t\t\t\t\t\t\t<p data-sourcepos=\"8:1-8:283\">Joana do Nascimento Pennacchi \u00e9 s\u00f3cia-fundadora da FACE \u2013 Gest\u00e3o Humana Sist\u00eamica Estrutural. Com mais de 40 anos de experi\u00eancia na \u00e1rea de desenvolvimento humano, atua como mentora, terapeuta sist\u00eamica, mediadora organizacional e facilitadora de processos de transforma\u00e7\u00e3o cultural.<\/p><p data-sourcepos=\"10:1-10:387\">Sua forma\u00e7\u00e3o multidisciplinar une conhecimento t\u00e9cnico, vis\u00e3o sist\u00eamica, escuta sens\u00edvel e pr\u00e1ticas integrativas, consolidando uma abordagem \u00fanica para o trabalho com l\u00edderes, equipes e organiza\u00e7\u00f5es. Ao longo de sua trajet\u00f3ria, desenvolveu metodologias pr\u00f3prias que integram pr\u00e1ticas de gest\u00e3o com consci\u00eancia, espiritualidade aplicada e princ\u00edpios de estrutura\u00e7\u00e3o saud\u00e1vel das rela\u00e7\u00f5es.<\/p><p data-sourcepos=\"12:1-12:405\">Joana se dedica \u00e0 cria\u00e7\u00e3o de projetos que aliam efici\u00eancia, bem-estar e prop\u00f3sito. Sua atua\u00e7\u00e3o se destaca por promover ambientes corporativos mais humanos, \u00e9ticos e sustent\u00e1veis, alinhando resultados e sentido. A FACE \u00e9 fruto desta hist\u00f3ria profissional e pessoal, constru\u00edda com profundidade, \u00e9tica e dedica\u00e7\u00e3o \u00e0 evolu\u00e7\u00e3o do ser humano em todos os seus contextos: individual, relacional e organizacional.<\/p>\t\t\t\t\t\t\t\t<\/div>\n\t\t\t\t<\/div>\n\t\t\t\t<\/div>\n\t\t<div class=\"elementor-element elementor-element-09ffa07 e-con-full e-flex e-con e-child\" data-id=\"09ffa07\" data-element_type=\"container\">\n\t\t\t\t<div class=\"elementor-element elementor-element-8d221f4 elementor-widget__width-initial elementor-widget elementor-widget-image\" data-id=\"8d221f4\" data-element_type=\"widget\" data-widget_type=\"image.default\">\n\t\t\t\t<div class=\"elementor-widget-container\">\n\t\t\t\t\t\t\t\t\t\t\t\t\t\t\t<img fetchpriority=\"high\" decoding=\"async\" width=\"1200\" height=\"1800\" src=\"https:\/\/facegestaosistemica.com.br\/wp-content\/uploads\/2025\/05\/FACE-Gestao-Sistemica-Joana-do-Nascimento-Pennacchi-1.webp\" class=\"attachment-full size-full wp-image-2127\" alt=\"\" srcset=\"https:\/\/facegestaosistemica.com.br\/wp-content\/uploads\/2025\/05\/FACE-Gestao-Sistemica-Joana-do-Nascimento-Pennacchi-1.webp 1200w, https:\/\/facegestaosistemica.com.br\/wp-content\/uploads\/2025\/05\/FACE-Gestao-Sistemica-Joana-do-Nascimento-Pennacchi-1-200x300.webp 200w, https:\/\/facegestaosistemica.com.br\/wp-content\/uploads\/2025\/05\/FACE-Gestao-Sistemica-Joana-do-Nascimento-Pennacchi-1-683x1024.webp 683w, https:\/\/facegestaosistemica.com.br\/wp-content\/uploads\/2025\/05\/FACE-Gestao-Sistemica-Joana-do-Nascimento-Pennacchi-1-768x1152.webp 768w, https:\/\/facegestaosistemica.com.br\/wp-content\/uploads\/2025\/05\/FACE-Gestao-Sistemica-Joana-do-Nascimento-Pennacchi-1-1024x1536.webp 1024w, https:\/\/facegestaosistemica.com.br\/wp-content\/uploads\/2025\/05\/FACE-Gestao-Sistemica-Joana-do-Nascimento-Pennacchi-1-8x12.webp 8w\" sizes=\"(max-width: 1200px) 100vw, 1200px\" \/>\t\t\t\t\t\t\t\t\t\t\t\t\t\t\t<\/div>\n\t\t\t\t<\/div>\n\t\t\t\t<\/div>\n\t\t\t\t\t<\/div>\n\t\t\t\t<\/div>\n\t\t<div class=\"elementor-element elementor-element-773faffa e-flex e-con-boxed e-con e-parent\" data-id=\"773faffa\" data-element_type=\"container\">\n\t\t\t\t\t<div class=\"e-con-inner\">\n\t\t<div class=\"elementor-element elementor-element-16ff9784 e-con-full e-flex e-con e-child\" data-id=\"16ff9784\" data-element_type=\"container\">\n\t\t\t\t<div class=\"elementor-element elementor-element-23268028 elementor-widget__width-initial elementor-widget elementor-widget-image\" data-id=\"23268028\" data-element_type=\"widget\" data-widget_type=\"image.default\">\n\t\t\t\t<div class=\"elementor-widget-container\">\n\t\t\t\t\t\t\t\t\t\t\t\t\t\t\t<img decoding=\"async\" width=\"1200\" height=\"1800\" src=\"https:\/\/facegestaosistemica.com.br\/wp-content\/uploads\/2025\/05\/FACE-Gestao-Sistemica-Joana-do-Nascimento-Pennacchi-14.webp\" class=\"attachment-full size-full wp-image-2139\" alt=\"\" srcset=\"https:\/\/facegestaosistemica.com.br\/wp-content\/uploads\/2025\/05\/FACE-Gestao-Sistemica-Joana-do-Nascimento-Pennacchi-14.webp 1200w, https:\/\/facegestaosistemica.com.br\/wp-content\/uploads\/2025\/05\/FACE-Gestao-Sistemica-Joana-do-Nascimento-Pennacchi-14-200x300.webp 200w, https:\/\/facegestaosistemica.com.br\/wp-content\/uploads\/2025\/05\/FACE-Gestao-Sistemica-Joana-do-Nascimento-Pennacchi-14-683x1024.webp 683w, https:\/\/facegestaosistemica.com.br\/wp-content\/uploads\/2025\/05\/FACE-Gestao-Sistemica-Joana-do-Nascimento-Pennacchi-14-768x1152.webp 768w, https:\/\/facegestaosistemica.com.br\/wp-content\/uploads\/2025\/05\/FACE-Gestao-Sistemica-Joana-do-Nascimento-Pennacchi-14-1024x1536.webp 1024w, https:\/\/facegestaosistemica.com.br\/wp-content\/uploads\/2025\/05\/FACE-Gestao-Sistemica-Joana-do-Nascimento-Pennacchi-14-8x12.webp 8w\" sizes=\"(max-width: 1200px) 100vw, 1200px\" \/>\t\t\t\t\t\t\t\t\t\t\t\t\t\t\t<\/div>\n\t\t\t\t<\/div>\n\t\t\t\t<\/div>\n\t\t<div class=\"elementor-element elementor-element-2e050bec e-con-full e-flex e-con e-child\" data-id=\"2e050bec\" data-element_type=\"container\">\n\t\t\t\t<div class=\"elementor-element elementor-element-f311058 elementor-invisible elementor-widget elementor-widget-text-editor\" data-id=\"f311058\" data-element_type=\"widget\" data-settings=\"{&quot;_animation&quot;:&quot;fadeIn&quot;}\" data-widget_type=\"text-editor.default\">\n\t\t\t\t<div class=\"elementor-widget-container\">\n\t\t\t\t\t\t\t\t\t<p data-sourcepos=\"18:1-18:22\"><strong>Forma\u00e7\u00e3o Acad\u00eamica<\/strong><\/p><ul data-sourcepos=\"19:1-23:0\"><li data-sourcepos=\"19:1-19:37\">Bacharelado em Enfermagem \u2013 FECIVEL<\/li><li data-sourcepos=\"20:1-20:55\">Gradua\u00e7\u00e3o em Gest\u00e3o Hospitalar \u2013 Faculdade S\u00e3o Camilo<\/li><li data-sourcepos=\"21:1-21:59\">MBA em Gest\u00e3o de Neg\u00f3cios \u2013 Funda\u00e7\u00e3o Getulio Vargas (FGV)<\/li><li data-sourcepos=\"22:1-23:0\">GBA em Neurogest\u00e3o \u2013 ISAI | FGV<br \/><br \/><\/li><\/ul><p data-sourcepos=\"24:1-24:28\"><strong>Extens\u00f5es Universit\u00e1rias<\/strong><\/p><ul data-sourcepos=\"25:1-27:0\"><li data-sourcepos=\"25:1-25:30\">Sa\u00fade P\u00fablica e Sa\u00fade Mental<\/li><li data-sourcepos=\"26:1-27:0\">Mindfulness, Neuroci\u00eancia e Psicologia Positiva \u2013 Pontif\u00edcia Universidade Cat\u00f3lica (PUC)<br \/><br \/><\/li><\/ul><p data-sourcepos=\"28:1-28:38\"><strong>Desenvolvimento Humano e Sist\u00eamico<\/strong><\/p><ul data-sourcepos=\"29:1-38:0\"><li data-sourcepos=\"29:1-29:48\">Coach \u2013 International Coaching Community (ICC)<\/li><li data-sourcepos=\"30:1-30:23\">Mentoria \u2013 ISAI | FGV<\/li><li data-sourcepos=\"31:1-31:40\">Biopsicologia \u2013 Instituto Vis\u00e3o Futuro<\/li><li data-sourcepos=\"32:1-32:72\">Din\u00e2micas de Grupo \u2013 Sociedade Brasileira de Din\u00e2micas de Grupo (SBDG)<\/li><li data-sourcepos=\"33:1-33:51\">Constela\u00e7\u00e3o Familiar Sist\u00eamica \u2013 Instituto Ra\u00edzes<\/li><li data-sourcepos=\"34:1-34:55\">Constela\u00e7\u00e3o Sist\u00eamica \u2013 Instituto Cristina Florentino<\/li><li data-sourcepos=\"35:1-35:27\">Contoterapia \u2013 M\u00e9todo CIP<\/li><li data-sourcepos=\"36:1-36:42\">Focaliza\u00e7\u00e3o (Focusing) \u2013 Oficina da Alma<\/li><li data-sourcepos=\"37:1-38:0\">EFT (Emotional Freedom Techniques) \u2013 Quantus Academy<br \/><br \/><\/li><\/ul><p data-sourcepos=\"39:1-39:22\"><strong>Forma\u00e7\u00f5es em Reiki<\/strong><\/p><ul data-sourcepos=\"40:1-42:0\"><li data-sourcepos=\"40:1-40:76\">Mestre em Reiki Usui \u2013 Instituto Brasileiro de Pesquisa e Difus\u00e3o do Reiki<\/li><li data-sourcepos=\"41:1-42:0\">Mestre em Reiki Karuna \u2013 Instituto Brasileiro de Pesquisa e Difus\u00e3o do Reiki (forma\u00e7\u00e3o com Johnny De\u2019 Carli)<br \/><br \/><\/li><\/ul><p data-sourcepos=\"43:1-43:26\"><strong>Estudos de Longo Prazo<\/strong><\/p><ul data-sourcepos=\"44:1-47:0\"><li data-sourcepos=\"44:1-44:42\">Enneagrama (22 anos de estudo e pr\u00e1tica)<\/li><li data-sourcepos=\"45:1-45:32\">Comunica\u00e7\u00e3o N\u00e3o-Violenta (CNV)<\/li><li data-sourcepos=\"46:1-47:0\">Telehist\u00f3ria<br \/><br \/><\/li><\/ul><p data-sourcepos=\"48:1-48:49\"><strong>Ferramentas e Instrumentos de Desenvolvimento<br \/><\/strong><\/p><ul data-sourcepos=\"49:1-49:63\"><li data-sourcepos=\"49:1-49:63\">Habilita\u00e7\u00e3o no uso de DISC, PI (Predictive Index) e Eneagrama<\/li><\/ul>\t\t\t\t\t\t\t\t<\/div>\n\t\t\t\t<\/div>\n\t\t\t\t<\/div>\n\t\t\t\t\t<\/div>\n\t\t\t\t<\/div>\n\t\t<div class=\"elementor-element elementor-element-09ab853 e-flex e-con-boxed e-con e-parent\" data-id=\"09ab853\" data-element_type=\"container\">\n\t\t\t\t\t<div class=\"e-con-inner\">\n\t\t<div class=\"elementor-element elementor-element-38840f0 e-con-full e-flex e-con e-child\" data-id=\"38840f0\" data-element_type=\"container\">\n\t\t\t\t<div class=\"elementor-element elementor-element-7e026a9 elementor-invisible elementor-widget elementor-widget-text-editor\" data-id=\"7e026a9\" data-element_type=\"widget\" data-settings=\"{&quot;_animation&quot;:&quot;fadeIn&quot;}\" data-widget_type=\"text-editor.default\">\n\t\t\t\t<div class=\"elementor-widget-container\">\n\t\t\t\t\t\t\t\t\t<p>OUR HISTORY<\/p>\t\t\t\t\t\t\t\t<\/div>\n\t\t\t\t<\/div>\n\t\t\t\t<div class=\"elementor-element elementor-element-c9f1e55 elementor-widget__width-initial elementor-invisible elementor-widget elementor-widget-heading\" data-id=\"c9f1e55\" data-element_type=\"widget\" data-settings=\"{&quot;_animation&quot;:&quot;fadeIn&quot;,&quot;_animation_delay&quot;:200}\" data-widget_type=\"heading.default\">\n\t\t\t\t<div class=\"elementor-widget-container\">\n\t\t\t\t\t<h2 class=\"elementor-heading-title elementor-size-default\">FACE - Gest\u00e3o Humana Sist\u00eamica Estrutural<\/h2>\t\t\t\t<\/div>\n\t\t\t\t<\/div>\n\t\t\t\t<div class=\"elementor-element elementor-element-27d88fb elementor-invisible elementor-widget elementor-widget-text-editor\" data-id=\"27d88fb\" data-element_type=\"widget\" data-settings=\"{&quot;_animation&quot;:&quot;fadeIn&quot;}\" data-widget_type=\"text-editor.default\">\n\t\t\t\t<div class=\"elementor-widget-container\">\n\t\t\t\t\t\t\t\t\t<p><span style=\"font-weight: 400;\">Idealizada a partir da vis\u00e3o e experi\u00eancia das empres\u00e1rias Joana do Nascimento Pennacchi e Silvana Zanin Medeiros, a<strong> FACE &#8211; Gest\u00e3o Humana Sist\u00eamica Estrutural<\/strong> nasce com o prop\u00f3sito de facilitar a conex\u00e3o e o desenvolvimento de indiv\u00edduos, grupos e sistemas empresariais.<\/span><\/p><p><span style=\"font-weight: 400;\">A FACE considera a empresa um organismo vivo e, por isso, combina conceitos de vis\u00e3o sist\u00eamica, din\u00e2micas de grupos, neuroci\u00eancia, antroposofia, biopsicologia, psicopedagogia, andragogia, entre outros. O objetivo \u00e9 promover um ambiente de trabalho onde o profissional possa ser visto de maneira integral, ter a oportunidade de reconhecer suas necessidades e ser um agente ativo para atend\u00ea-las, responsabilizando-se pelo seu desenvolvimento e realiza\u00e7\u00e3o.<\/span><\/p><p><span style=\"font-weight: 400;\">Acreditamos que a empresa tamb\u00e9m \u00e9 um lugar para crescer e ser feliz.<\/span><\/p>\t\t\t\t\t\t\t\t<\/div>\n\t\t\t\t<\/div>\n\t\t\t\t<div class=\"elementor-element elementor-element-fdae4dd elementor-align-left elementor-mobile-align-center elementor-invisible elementor-widget elementor-widget-button\" data-id=\"fdae4dd\" data-element_type=\"widget\" data-settings=\"{&quot;_animation&quot;:&quot;fadeIn&quot;,&quot;_animation_delay&quot;:400}\" data-widget_type=\"button.default\">\n\t\t\t\t<div class=\"elementor-widget-container\">\n\t\t\t\t\t\t\t\t\t<div class=\"elementor-button-wrapper\">\n\t\t\t\t\t<a class=\"elementor-button elementor-button-link elementor-size-sm\" href=\"https:\/\/facegestaosistemica.com.br\/en\/sobre\/\">\n\t\t\t\t\t\t<span class=\"elementor-button-content-wrapper\">\n\t\t\t\t\t\t\t\t\t<span class=\"elementor-button-text\">Know More<\/span>\n\t\t\t\t\t<\/span>\n\t\t\t\t\t<\/a>\n\t\t\t\t<\/div>\n\t\t\t\t\t\t\t\t<\/div>\n\t\t\t\t<\/div>\n\t\t\t\t<\/div>\n\t\t<div class=\"elementor-element elementor-element-f892d62 e-con-full e-flex e-con e-child\" data-id=\"f892d62\" data-element_type=\"container\">\n\t\t\t\t<div class=\"elementor-element elementor-element-d788aa1 elementor-widget__width-initial elementor-widget elementor-widget-image\" data-id=\"d788aa1\" data-element_type=\"widget\" data-widget_type=\"image.default\">\n\t\t\t\t<div class=\"elementor-widget-container\">\n\t\t\t\t\t\t\t\t\t\t\t\t\t\t\t<img decoding=\"async\" width=\"1200\" height=\"1800\" src=\"https:\/\/facegestaosistemica.com.br\/wp-content\/uploads\/2025\/05\/FACE-Gestao-Sistemica-Silvana-Zanin-e-Joana-Nascimento-Pennacchi-8.webp\" class=\"attachment-full size-full wp-image-2121\" alt=\"\" srcset=\"https:\/\/facegestaosistemica.com.br\/wp-content\/uploads\/2025\/05\/FACE-Gestao-Sistemica-Silvana-Zanin-e-Joana-Nascimento-Pennacchi-8.webp 1200w, https:\/\/facegestaosistemica.com.br\/wp-content\/uploads\/2025\/05\/FACE-Gestao-Sistemica-Silvana-Zanin-e-Joana-Nascimento-Pennacchi-8-200x300.webp 200w, https:\/\/facegestaosistemica.com.br\/wp-content\/uploads\/2025\/05\/FACE-Gestao-Sistemica-Silvana-Zanin-e-Joana-Nascimento-Pennacchi-8-683x1024.webp 683w, https:\/\/facegestaosistemica.com.br\/wp-content\/uploads\/2025\/05\/FACE-Gestao-Sistemica-Silvana-Zanin-e-Joana-Nascimento-Pennacchi-8-768x1152.webp 768w, https:\/\/facegestaosistemica.com.br\/wp-content\/uploads\/2025\/05\/FACE-Gestao-Sistemica-Silvana-Zanin-e-Joana-Nascimento-Pennacchi-8-1024x1536.webp 1024w, https:\/\/facegestaosistemica.com.br\/wp-content\/uploads\/2025\/05\/FACE-Gestao-Sistemica-Silvana-Zanin-e-Joana-Nascimento-Pennacchi-8-8x12.webp 8w\" sizes=\"(max-width: 1200px) 100vw, 1200px\" \/>\t\t\t\t\t\t\t\t\t\t\t\t\t\t\t<\/div>\n\t\t\t\t<\/div>\n\t\t\t\t<\/div>\n\t\t\t\t\t<\/div>\n\t\t\t\t<\/div>\n\t\t<div class=\"elementor-element elementor-element-3d1bef04 e-flex e-con-boxed e-con e-parent\" data-id=\"3d1bef04\" data-element_type=\"container\" data-settings=\"{&quot;background_background&quot;:&quot;classic&quot;}\">\n\t\t\t\t\t<div class=\"e-con-inner\">\n\t\t<div class=\"elementor-element elementor-element-489f3e91 e-con-full e-flex elementor-invisible e-con e-child\" data-id=\"489f3e91\" data-element_type=\"container\" data-settings=\"{&quot;background_background&quot;:&quot;classic&quot;,&quot;animation&quot;:&quot;fadeIn&quot;}\">\n\t\t\t\t<div class=\"elementor-element elementor-element-49b6bbb6 elementor-widget elementor-widget-image\" data-id=\"49b6bbb6\" data-element_type=\"widget\" data-widget_type=\"image.default\">\n\t\t\t\t<div class=\"elementor-widget-container\">\n\t\t\t\t\t\t\t\t\t\t\t\t\t\t\t<img loading=\"lazy\" decoding=\"async\" width=\"2162\" height=\"878\" src=\"https:\/\/facegestaosistemica.com.br\/wp-content\/uploads\/2025\/04\/Face-Gestao-Sistemica-Logo-Verde.webp\" class=\"attachment-full size-full wp-image-2035\" alt=\"\" srcset=\"https:\/\/facegestaosistemica.com.br\/wp-content\/uploads\/2025\/04\/Face-Gestao-Sistemica-Logo-Verde.webp 2162w, https:\/\/facegestaosistemica.com.br\/wp-content\/uploads\/2025\/04\/Face-Gestao-Sistemica-Logo-Verde-300x122.webp 300w, https:\/\/facegestaosistemica.com.br\/wp-content\/uploads\/2025\/04\/Face-Gestao-Sistemica-Logo-Verde-1024x416.webp 1024w, https:\/\/facegestaosistemica.com.br\/wp-content\/uploads\/2025\/04\/Face-Gestao-Sistemica-Logo-Verde-768x312.webp 768w, https:\/\/facegestaosistemica.com.br\/wp-content\/uploads\/2025\/04\/Face-Gestao-Sistemica-Logo-Verde-1536x624.webp 1536w, https:\/\/facegestaosistemica.com.br\/wp-content\/uploads\/2025\/04\/Face-Gestao-Sistemica-Logo-Verde-2048x832.webp 2048w, https:\/\/facegestaosistemica.com.br\/wp-content\/uploads\/2025\/04\/Face-Gestao-Sistemica-Logo-Verde-18x7.webp 18w\" sizes=\"(max-width: 2162px) 100vw, 2162px\" \/>\t\t\t\t\t\t\t\t\t\t\t\t\t\t\t<\/div>\n\t\t\t\t<\/div>\n\t\t\t\t<div class=\"elementor-element elementor-element-cd6510c elementor-invisible elementor-widget elementor-widget-text-editor\" data-id=\"cd6510c\" data-element_type=\"widget\" data-settings=\"{&quot;_animation&quot;:&quot;fadeIn&quot;}\" data-widget_type=\"text-editor.default\">\n\t\t\t\t<div class=\"elementor-widget-container\">\n\t\t\t\t\t\t\t\t\t<p>TRANSFORMA\u00c7\u00c3O HUMANA E ORGANIZACIONAL<\/p>\t\t\t\t\t\t\t\t<\/div>\n\t\t\t\t<\/div>\n\t\t\t\t<div class=\"elementor-element elementor-element-73d546e elementor-invisible elementor-widget elementor-widget-heading\" data-id=\"73d546e\" data-element_type=\"widget\" data-settings=\"{&quot;_animation&quot;:&quot;fadeIn&quot;,&quot;_animation_delay&quot;:200}\" data-widget_type=\"heading.default\">\n\t\t\t\t<div class=\"elementor-widget-container\">\n\t\t\t\t\t<h2 class=\"elementor-heading-title elementor-size-default\">Sua Empresa com Consci\u00eancia e Prop\u00f3sito<\/h2>\t\t\t\t<\/div>\n\t\t\t\t<\/div>\n\t\t\t\t<div class=\"elementor-element elementor-element-7556ffc8 elementor-widget-divider--view-line elementor-invisible elementor-widget elementor-widget-divider\" data-id=\"7556ffc8\" data-element_type=\"widget\" data-settings=\"{&quot;_animation&quot;:&quot;fadeIn&quot;,&quot;_animation_delay&quot;:500}\" data-widget_type=\"divider.default\">\n\t\t\t\t<div class=\"elementor-widget-container\">\n\t\t\t\t\t\t\t<div class=\"elementor-divider\">\n\t\t\t<span class=\"elementor-divider-separator\">\n\t\t\t\t\t\t<\/span>\n\t\t<\/div>\n\t\t\t\t\t\t<\/div>\n\t\t\t\t<\/div>\n\t\t\t\t<div class=\"elementor-element elementor-element-199fd193 elementor-widget elementor-widget-text-editor\" data-id=\"199fd193\" data-element_type=\"widget\" data-widget_type=\"text-editor.default\">\n\t\t\t\t<div class=\"elementor-widget-container\">\n\t\t\t\t\t\t\t\t\t<p>Da escuta atenta \u00e0 resolu\u00e7\u00e3o de conflitos e \u00e0 constru\u00e7\u00e3o de solu\u00e7\u00f5es, buscamos autenticidade, equil\u00edbrio e desenvolvimento integral.<\/p><p>Com um olhar cuidadoso para o neg\u00f3cio e uma conex\u00e3o genu\u00edna com as pessoas, caminhamos junto aos nossos clientes rumo a um novo tempo organizacional, construindo ambientes mais seguros e acolhedores, fortalecendo as rela\u00e7\u00f5es e reduzindo os passivos trabalhistas e sociais que t\u00eam origem nas rela\u00e7\u00f5es e impactam diretamente as empresas.<\/p>\t\t\t\t\t\t\t\t<\/div>\n\t\t\t\t<\/div>\n\t\t\t\t<div class=\"elementor-element elementor-element-67dadee2 elementor-align-left elementor-mobile-align-center elementor-invisible elementor-widget elementor-widget-button\" data-id=\"67dadee2\" data-element_type=\"widget\" data-settings=\"{&quot;_animation&quot;:&quot;fadeIn&quot;,&quot;_animation_delay&quot;:400}\" data-widget_type=\"button.default\">\n\t\t\t\t<div class=\"elementor-widget-container\">\n\t\t\t\t\t\t\t\t\t<div class=\"elementor-button-wrapper\">\n\t\t\t\t\t<a class=\"elementor-button elementor-button-link elementor-size-sm\" href=\"https:\/\/facegestaosistemica.com.br\/en\/download\/\">\n\t\t\t\t\t\t<span class=\"elementor-button-content-wrapper\">\n\t\t\t\t\t\t\t\t\t<span class=\"elementor-button-text\">Request Presentation<\/span>\n\t\t\t\t\t<\/span>\n\t\t\t\t\t<\/a>\n\t\t\t\t<\/div>\n\t\t\t\t\t\t\t\t<\/div>\n\t\t\t\t<\/div>\n\t\t\t\t<\/div>\n\t\t\t\t\t<\/div>\n\t\t\t\t<\/div>\n\t\t\t\t<\/div>","protected":false},"excerpt":{"rendered":"<p>Home Sobre Joana do Nascimento Pennacchi S\u00f3cia-fundadora | Mentora e Terapeuta Sist\u00eamica Joana do Nascimento Pennacchi \u00e9 s\u00f3cia-fundadora da FACE \u2013 Gest\u00e3o Humana Sist\u00eamica Estrutural. Com mais de 40 anos de experi\u00eancia na \u00e1rea de desenvolvimento humano, atua como mentora, terapeuta sist\u00eamica, mediadora organizacional e facilitadora de processos de transforma\u00e7\u00e3o cultural. Sua forma\u00e7\u00e3o multidisciplinar une [&hellip;]<\/p>","protected":false},"author":2,"featured_media":0,"parent":0,"menu_order":0,"comment_status":"closed","ping_status":"closed","template":"elementor_header_footer","meta":{"_joinchat":[],"footnotes":""},"class_list":["post-2227","page","type-page","status-publish","hentry"],"_links":{"self":[{"href":"https:\/\/facegestaosistemica.com.br\/en\/wp-json\/wp\/v2\/pages\/2227","targetHints":{"allow":["GET"]}}],"collection":[{"href":"https:\/\/facegestaosistemica.com.br\/en\/wp-json\/wp\/v2\/pages"}],"about":[{"href":"https:\/\/facegestaosistemica.com.br\/en\/wp-json\/wp\/v2\/types\/page"}],"author":[{"embeddable":true,"href":"https:\/\/facegestaosistemica.com.br\/en\/wp-json\/wp\/v2\/users\/2"}],"replies":[{"embeddable":true,"href":"https:\/\/facegestaosistemica.com.br\/en\/wp-json\/wp\/v2\/comments?post=2227"}],"version-history":[{"count":16,"href":"https:\/\/facegestaosistemica.com.br\/en\/wp-json\/wp\/v2\/pages\/2227\/revisions"}],"predecessor-version":[{"id":2373,"href":"https:\/\/facegestaosistemica.com.br\/en\/wp-json\/wp\/v2\/pages\/2227\/revisions\/2373"}],"wp:attachment":[{"href":"https:\/\/facegestaosistemica.com.br\/en\/wp-json\/wp\/v2\/media?parent=2227"}],"curies":[{"name":"wp","href":"https:\/\/api.w.org\/{rel}","templated":true}]}}