{"id":194,"date":"2024-04-11T22:22:42","date_gmt":"2024-04-11T22:22:42","guid":{"rendered":"https:\/\/twl-construcao.com\/nossa-historia\/"},"modified":"2025-06-29T14:38:56","modified_gmt":"2025-06-29T14:38:56","slug":"sobre","status":"publish","type":"page","link":"https:\/\/facegestaosistemica.com.br\/en\/sobre\/","title":{"rendered":"Our History"},"content":{"rendered":"<div data-elementor-type=\"wp-page\" data-elementor-id=\"194\" class=\"elementor elementor-194\" data-elementor-post-type=\"page\">\n\t\t\t\t<div class=\"elementor-element elementor-element-65ccaceb e-flex e-con-boxed e-con e-parent\" data-id=\"65ccaceb\" data-element_type=\"container\" data-settings=\"{&quot;background_background&quot;:&quot;classic&quot;}\">\n\t\t\t\t\t<div class=\"e-con-inner\">\n\t\t<div class=\"elementor-element elementor-element-6451cd20 e-con-full e-flex e-con e-child\" data-id=\"6451cd20\" data-element_type=\"container\">\n\t\t\t\t<div class=\"elementor-element elementor-element-5b4c0167 elementor-invisible elementor-widget elementor-widget-heading\" data-id=\"5b4c0167\" data-element_type=\"widget\" data-settings=\"{&quot;_animation&quot;:&quot;fadeIn&quot;}\" data-widget_type=\"heading.default\">\n\t\t\t\t<div class=\"elementor-widget-container\">\n\t\t\t\t\t<h2 class=\"elementor-heading-title elementor-size-default\">Our History<\/h2>\t\t\t\t<\/div>\n\t\t\t\t<\/div>\n\t\t\t\t<div class=\"elementor-element elementor-element-ce4469e elementor-icon-list--layout-inline elementor-align-center elementor-list-item-link-full_width elementor-invisible elementor-widget elementor-widget-icon-list\" data-id=\"ce4469e\" data-element_type=\"widget\" data-settings=\"{&quot;_animation&quot;:&quot;fadeIn&quot;,&quot;_animation_delay&quot;:200}\" data-widget_type=\"icon-list.default\">\n\t\t\t\t<div class=\"elementor-widget-container\">\n\t\t\t\t\t\t\t<ul class=\"elementor-icon-list-items elementor-inline-items\">\n\t\t\t\t\t\t\t<li class=\"elementor-icon-list-item elementor-inline-item\">\n\t\t\t\t\t\t\t\t\t\t\t<a href=\"https:\/\/facegestaosistemica.com.br\/en\">\n\n\t\t\t\t\t\t\t\t\t\t\t<span class=\"elementor-icon-list-text\">Home<\/span>\n\t\t\t\t\t\t\t\t\t\t\t<\/a>\n\t\t\t\t\t\t\t\t\t<\/li>\n\t\t\t\t\t\t\t\t<li class=\"elementor-icon-list-item elementor-inline-item\">\n\t\t\t\t\t\t\t\t\t\t\t<a href=\"https:\/\/facegestaosistemica.com.br\/en\/sobre\/\">\n\n\t\t\t\t\t\t\t\t\t\t\t\t<span class=\"elementor-icon-list-icon\">\n\t\t\t\t\t\t\t<i aria-hidden=\"true\" class=\"icon icon-right-arrow1\"><\/i>\t\t\t\t\t\t<\/span>\n\t\t\t\t\t\t\t\t\t\t<span class=\"elementor-icon-list-text\">ABOUT US<\/span>\n\t\t\t\t\t\t\t\t\t\t\t<\/a>\n\t\t\t\t\t\t\t\t\t<\/li>\n\t\t\t\t\t\t<\/ul>\n\t\t\t\t\t\t<\/div>\n\t\t\t\t<\/div>\n\t\t\t\t<\/div>\n\t\t\t\t\t<\/div>\n\t\t\t\t<\/div>\n\t\t<div class=\"elementor-element elementor-element-5b008d30 e-flex e-con-boxed e-con e-parent\" data-id=\"5b008d30\" data-element_type=\"container\">\n\t\t\t\t\t<div class=\"e-con-inner\">\n\t\t<div class=\"elementor-element elementor-element-51c0dc92 e-con-full e-flex e-con e-child\" data-id=\"51c0dc92\" data-element_type=\"container\">\n\t\t\t\t<div class=\"elementor-element elementor-element-a73e640 elementor-invisible elementor-widget elementor-widget-text-editor\" data-id=\"a73e640\" data-element_type=\"widget\" data-settings=\"{&quot;_animation&quot;:&quot;fadeIn&quot;}\" data-widget_type=\"text-editor.default\">\n\t\t\t\t<div class=\"elementor-widget-container\">\n\t\t\t\t\t\t\t\t\t<p>OUR HISTORY<\/p>\t\t\t\t\t\t\t\t<\/div>\n\t\t\t\t<\/div>\n\t\t\t\t<div class=\"elementor-element elementor-element-451d97ae elementor-widget__width-initial elementor-invisible elementor-widget elementor-widget-heading\" data-id=\"451d97ae\" data-element_type=\"widget\" data-settings=\"{&quot;_animation&quot;:&quot;fadeIn&quot;,&quot;_animation_delay&quot;:200}\" data-widget_type=\"heading.default\">\n\t\t\t\t<div class=\"elementor-widget-container\">\n\t\t\t\t\t<h2 class=\"elementor-heading-title elementor-size-default\">FACE - Gest\u00e3o Humana Sist\u00eamica Estrutural<\/h2>\t\t\t\t<\/div>\n\t\t\t\t<\/div>\n\t\t\t\t<div class=\"elementor-element elementor-element-f311058 elementor-invisible elementor-widget elementor-widget-text-editor\" data-id=\"f311058\" data-element_type=\"widget\" data-settings=\"{&quot;_animation&quot;:&quot;fadeIn&quot;}\" data-widget_type=\"text-editor.default\">\n\t\t\t\t<div class=\"elementor-widget-container\">\n\t\t\t\t\t\t\t\t\t<p><span style=\"font-weight: 400;\">Idealizada a partir da vis\u00e3o e experi\u00eancia das empres\u00e1rias Joana do Nascimento Pennacchi e Silvana Zanin Medeiros, a<strong> FACE &#8211; Gest\u00e3o Humana Sist\u00eamica Estrutural<\/strong> nasce com o prop\u00f3sito de facilitar a conex\u00e3o e o desenvolvimento de indiv\u00edduos, grupos e sistemas empresariais.<\/span><\/p><p><span style=\"font-weight: 400;\">A FACE considera a empresa um organismo vivo e, por isso, combina conceitos de vis\u00e3o sist\u00eamica, din\u00e2micas de grupos, neuroci\u00eancia, antroposofia, biopsicologia, psicopedagogia, andragogia, entre outros. O objetivo \u00e9 promover um ambiente de trabalho onde o profissional possa ser visto de maneira integral, ter a oportunidade de reconhecer suas necessidades e ser um agente ativo para atend\u00ea-las, responsabilizando-se pelo seu desenvolvimento e realiza\u00e7\u00e3o.<\/span><\/p><p><span style=\"font-weight: 400;\">Acreditamos que a empresa tamb\u00e9m \u00e9 um lugar para crescer e ser feliz.<\/span><\/p>\t\t\t\t\t\t\t\t<\/div>\n\t\t\t\t<\/div>\n\t\t\t\t<\/div>\n\t\t<div class=\"elementor-element elementor-element-62d40c19 e-con-full e-flex e-con e-child\" data-id=\"62d40c19\" data-element_type=\"container\">\n\t\t\t\t<div class=\"elementor-element elementor-element-187131a8 elementor-widget__width-initial elementor-widget elementor-widget-image\" data-id=\"187131a8\" data-element_type=\"widget\" data-widget_type=\"image.default\">\n\t\t\t\t<div class=\"elementor-widget-container\">\n\t\t\t\t\t\t\t\t\t\t\t\t\t\t\t<img fetchpriority=\"high\" decoding=\"async\" width=\"1200\" height=\"1800\" src=\"https:\/\/facegestaosistemica.com.br\/wp-content\/uploads\/2025\/05\/FACE-Gestao-Sistemica-Silvana-Zanin-e-Joana-Nascimento-Pennacchi-11.webp\" class=\"attachment-full size-full wp-image-2114\" alt=\"\" srcset=\"https:\/\/facegestaosistemica.com.br\/wp-content\/uploads\/2025\/05\/FACE-Gestao-Sistemica-Silvana-Zanin-e-Joana-Nascimento-Pennacchi-11.webp 1200w, https:\/\/facegestaosistemica.com.br\/wp-content\/uploads\/2025\/05\/FACE-Gestao-Sistemica-Silvana-Zanin-e-Joana-Nascimento-Pennacchi-11-200x300.webp 200w, https:\/\/facegestaosistemica.com.br\/wp-content\/uploads\/2025\/05\/FACE-Gestao-Sistemica-Silvana-Zanin-e-Joana-Nascimento-Pennacchi-11-683x1024.webp 683w, https:\/\/facegestaosistemica.com.br\/wp-content\/uploads\/2025\/05\/FACE-Gestao-Sistemica-Silvana-Zanin-e-Joana-Nascimento-Pennacchi-11-768x1152.webp 768w, https:\/\/facegestaosistemica.com.br\/wp-content\/uploads\/2025\/05\/FACE-Gestao-Sistemica-Silvana-Zanin-e-Joana-Nascimento-Pennacchi-11-1024x1536.webp 1024w, https:\/\/facegestaosistemica.com.br\/wp-content\/uploads\/2025\/05\/FACE-Gestao-Sistemica-Silvana-Zanin-e-Joana-Nascimento-Pennacchi-11-8x12.webp 8w\" sizes=\"(max-width: 1200px) 100vw, 1200px\" \/>\t\t\t\t\t\t\t\t\t\t\t\t\t\t\t<\/div>\n\t\t\t\t<\/div>\n\t\t\t\t<\/div>\n\t\t\t\t\t<\/div>\n\t\t\t\t<\/div>\n\t\t<div class=\"elementor-element elementor-element-773faffa e-flex e-con-boxed e-con e-parent\" data-id=\"773faffa\" data-element_type=\"container\">\n\t\t\t\t\t<div class=\"e-con-inner\">\n\t\t<div class=\"elementor-element elementor-element-16ff9784 e-con-full e-flex e-con e-child\" data-id=\"16ff9784\" data-element_type=\"container\">\n\t\t\t\t<div class=\"elementor-element elementor-element-23268028 elementor-widget__width-initial elementor-widget elementor-widget-image\" data-id=\"23268028\" data-element_type=\"widget\" data-widget_type=\"image.default\">\n\t\t\t\t<div class=\"elementor-widget-container\">\n\t\t\t\t\t\t\t\t\t\t\t\t\t\t\t<img decoding=\"async\" width=\"1200\" height=\"1800\" src=\"https:\/\/facegestaosistemica.com.br\/wp-content\/uploads\/2025\/05\/FACE-Gestao-Sistemica-Joana-do-Nascimento-Pennacchi-14.webp\" class=\"attachment-full size-full wp-image-2139\" alt=\"\" srcset=\"https:\/\/facegestaosistemica.com.br\/wp-content\/uploads\/2025\/05\/FACE-Gestao-Sistemica-Joana-do-Nascimento-Pennacchi-14.webp 1200w, https:\/\/facegestaosistemica.com.br\/wp-content\/uploads\/2025\/05\/FACE-Gestao-Sistemica-Joana-do-Nascimento-Pennacchi-14-200x300.webp 200w, https:\/\/facegestaosistemica.com.br\/wp-content\/uploads\/2025\/05\/FACE-Gestao-Sistemica-Joana-do-Nascimento-Pennacchi-14-683x1024.webp 683w, https:\/\/facegestaosistemica.com.br\/wp-content\/uploads\/2025\/05\/FACE-Gestao-Sistemica-Joana-do-Nascimento-Pennacchi-14-768x1152.webp 768w, https:\/\/facegestaosistemica.com.br\/wp-content\/uploads\/2025\/05\/FACE-Gestao-Sistemica-Joana-do-Nascimento-Pennacchi-14-1024x1536.webp 1024w, https:\/\/facegestaosistemica.com.br\/wp-content\/uploads\/2025\/05\/FACE-Gestao-Sistemica-Joana-do-Nascimento-Pennacchi-14-8x12.webp 8w\" sizes=\"(max-width: 1200px) 100vw, 1200px\" \/>\t\t\t\t\t\t\t\t\t\t\t\t\t\t\t<\/div>\n\t\t\t\t<\/div>\n\t\t\t\t<\/div>\n\t\t<div class=\"elementor-element elementor-element-2e050bec e-con-full e-flex e-con e-child\" data-id=\"2e050bec\" data-element_type=\"container\">\n\t\t\t\t<div class=\"elementor-element elementor-element-3cc80784 elementor-widget__width-initial elementor-invisible elementor-widget elementor-widget-heading\" data-id=\"3cc80784\" data-element_type=\"widget\" data-settings=\"{&quot;_animation&quot;:&quot;fadeIn&quot;,&quot;_animation_delay&quot;:200}\" data-widget_type=\"heading.default\">\n\t\t\t\t<div class=\"elementor-widget-container\">\n\t\t\t\t\t<h2 class=\"elementor-heading-title elementor-size-default\">Joana do Nascimento Pennacchi\n<\/h2>\t\t\t\t<\/div>\n\t\t\t\t<\/div>\n\t\t\t\t<div class=\"elementor-element elementor-element-47c04cb elementor-invisible elementor-widget elementor-widget-text-editor\" data-id=\"47c04cb\" data-element_type=\"widget\" data-settings=\"{&quot;_animation&quot;:&quot;fadeIn&quot;}\" data-widget_type=\"text-editor.default\">\n\t\t\t\t<div class=\"elementor-widget-container\">\n\t\t\t\t\t\t\t\t\t<p>S\u00f3cia-fundadora | Mentora e Terapeuta Sist\u00eamica<\/p>\t\t\t\t\t\t\t\t<\/div>\n\t\t\t\t<\/div>\n\t\t\t\t<div class=\"elementor-element elementor-element-4d30fdfc elementor-invisible elementor-widget elementor-widget-text-editor\" data-id=\"4d30fdfc\" data-element_type=\"widget\" data-settings=\"{&quot;_animation&quot;:&quot;fadeIn&quot;}\" data-widget_type=\"text-editor.default\">\n\t\t\t\t<div class=\"elementor-widget-container\">\n\t\t\t\t\t\t\t\t\t<p data-sourcepos=\"8:1-8:283\">Joana do Nascimento Pennacchi \u00e9 s\u00f3cia-fundadora da FACE \u2013 Gest\u00e3o Humana Sist\u00eamica Estrutural. Com mais de 40 anos de experi\u00eancia na \u00e1rea de desenvolvimento humano, atua como mentora, terapeuta sist\u00eamica, mediadora organizacional e facilitadora de processos de transforma\u00e7\u00e3o cultural.<\/p><p data-sourcepos=\"10:1-10:387\">Sua forma\u00e7\u00e3o multidisciplinar une conhecimento t\u00e9cnico, vis\u00e3o sist\u00eamica, escuta sens\u00edvel e pr\u00e1ticas integrativas, consolidando uma abordagem \u00fanica para o trabalho com l\u00edderes, equipes e organiza\u00e7\u00f5es. Ao longo de sua trajet\u00f3ria, desenvolveu metodologias pr\u00f3prias que integram pr\u00e1ticas de gest\u00e3o com consci\u00eancia, espiritualidade aplicada e princ\u00edpios de estrutura\u00e7\u00e3o saud\u00e1vel das rela\u00e7\u00f5es.<\/p><p data-sourcepos=\"12:1-12:405\">Joana se dedica \u00e0 cria\u00e7\u00e3o de projetos que aliam efici\u00eancia, bem-estar e prop\u00f3sito. Sua atua\u00e7\u00e3o se destaca por promover ambientes corporativos mais humanos, \u00e9ticos e sustent\u00e1veis, alinhando resultados e sentido. A FACE \u00e9 fruto desta hist\u00f3ria profissional e pessoal, constru\u00edda com profundidade, \u00e9tica e dedica\u00e7\u00e3o \u00e0 evolu\u00e7\u00e3o do ser humano em todos os seus contextos: individual, relacional e organizacional.<\/p>\t\t\t\t\t\t\t\t<\/div>\n\t\t\t\t<\/div>\n\t\t\t\t<div class=\"elementor-element elementor-element-5ea0834 elementor-align-left elementor-mobile-align-center elementor-invisible elementor-widget elementor-widget-button\" data-id=\"5ea0834\" data-element_type=\"widget\" data-settings=\"{&quot;_animation&quot;:&quot;fadeIn&quot;,&quot;_animation_delay&quot;:400}\" data-widget_type=\"button.default\">\n\t\t\t\t<div class=\"elementor-widget-container\">\n\t\t\t\t\t\t\t\t\t<div class=\"elementor-button-wrapper\">\n\t\t\t\t\t<a class=\"elementor-button elementor-button-link elementor-size-sm\" href=\"https:\/\/facegestaosistemica.com.br\/en\/joana-do-nascimento-pennacchi\/\">\n\t\t\t\t\t\t<span class=\"elementor-button-content-wrapper\">\n\t\t\t\t\t\t\t\t\t<span class=\"elementor-button-text\">Know More<\/span>\n\t\t\t\t\t<\/span>\n\t\t\t\t\t<\/a>\n\t\t\t\t<\/div>\n\t\t\t\t\t\t\t\t<\/div>\n\t\t\t\t<\/div>\n\t\t\t\t<\/div>\n\t\t\t\t\t<\/div>\n\t\t\t\t<\/div>\n\t\t<div class=\"elementor-element elementor-element-6069299 e-flex e-con-boxed e-con e-parent\" data-id=\"6069299\" data-element_type=\"container\">\n\t\t\t\t\t<div class=\"e-con-inner\">\n\t\t<div class=\"elementor-element elementor-element-7737df3 e-con-full e-flex e-con e-child\" data-id=\"7737df3\" data-element_type=\"container\">\n\t\t\t\t<div class=\"elementor-element elementor-element-7d6a1b4 elementor-widget__width-initial elementor-invisible elementor-widget elementor-widget-heading\" data-id=\"7d6a1b4\" data-element_type=\"widget\" data-settings=\"{&quot;_animation&quot;:&quot;fadeIn&quot;,&quot;_animation_delay&quot;:200}\" data-widget_type=\"heading.default\">\n\t\t\t\t<div class=\"elementor-widget-container\">\n\t\t\t\t\t<h2 class=\"elementor-heading-title elementor-size-default\">Silvana Zanin Medeiros<\/h2>\t\t\t\t<\/div>\n\t\t\t\t<\/div>\n\t\t\t\t<div class=\"elementor-element elementor-element-abb4a19 elementor-invisible elementor-widget elementor-widget-text-editor\" data-id=\"abb4a19\" data-element_type=\"widget\" data-settings=\"{&quot;_animation&quot;:&quot;fadeIn&quot;}\" data-widget_type=\"text-editor.default\">\n\t\t\t\t<div class=\"elementor-widget-container\">\n\t\t\t\t\t\t\t\t\t<p>S\u00f3cia-fundadora | Mentora e Terapeuta Sist\u00eamica<\/p>\t\t\t\t\t\t\t\t<\/div>\n\t\t\t\t<\/div>\n\t\t\t\t<div class=\"elementor-element elementor-element-24630de elementor-invisible elementor-widget elementor-widget-text-editor\" data-id=\"24630de\" data-element_type=\"widget\" data-settings=\"{&quot;_animation&quot;:&quot;fadeIn&quot;}\" data-widget_type=\"text-editor.default\">\n\t\t\t\t<div class=\"elementor-widget-container\">\n\t\t\t\t\t\t\t\t\t<p data-sourcepos=\"10:1-10:333\">Silvana Zanin Medeiros \u00e9 s\u00f3cia-fundadora da FACE \u2013 Gest\u00e3o Humana Sist\u00eamica Estrutural. Empres\u00e1ria e Psicopedagoga com mais de 35 anos de experi\u00eancia, atua com grupos operativos de crian\u00e7as, adolescentes e adultos em diferentes contextos sociais, al\u00e9m de exercer a fun\u00e7\u00e3o de gestora escolar e ser s\u00f3cia-fundadora da empresa Prisma.<\/p><p data-sourcepos=\"12:1-12:432\">No in\u00edcio de sua jornada profissional, trabalhou por sete anos em escolas da Prefeitura de Arapongas, atendendo moradores em situa\u00e7\u00e3o de baixa renda \u2014 uma experi\u00eancia que considera sua primeira grande escola. Nos \u00faltimos oito anos, esteve ao lado de mulheres que lhe proporcionaram um entendimento mais profundo sobre o universo feminino e os desafios de pertencer a uma sociedade que valoriza r\u00f3tulos e imp\u00f5e in\u00fameras expectativas.<\/p><p data-sourcepos=\"14:1-14:325\">A partir dessas viv\u00eancias, Silvana aperfei\u00e7oou sua percep\u00e7\u00e3o sobre o equil\u00edbrio entre os g\u00eaneros e os riscos inerentes aos contextos psicossociais. Esse olhar ampliado tamb\u00e9m a levou a compreender melhor o funcionamento das empresas dentro dessa din\u00e2mica, o que impulsionou ainda mais sua trajet\u00f3ria acad\u00eamica e profissional.<\/p>\t\t\t\t\t\t\t\t<\/div>\n\t\t\t\t<\/div>\n\t\t\t\t<div class=\"elementor-element elementor-element-ad7bf5a elementor-align-left elementor-mobile-align-center elementor-invisible elementor-widget elementor-widget-button\" data-id=\"ad7bf5a\" data-element_type=\"widget\" data-settings=\"{&quot;_animation&quot;:&quot;fadeIn&quot;,&quot;_animation_delay&quot;:400}\" data-widget_type=\"button.default\">\n\t\t\t\t<div class=\"elementor-widget-container\">\n\t\t\t\t\t\t\t\t\t<div class=\"elementor-button-wrapper\">\n\t\t\t\t\t<a class=\"elementor-button elementor-button-link elementor-size-sm\" href=\"https:\/\/facegestaosistemica.com.br\/en\/silvana-zanin-medeiros\/\">\n\t\t\t\t\t\t<span class=\"elementor-button-content-wrapper\">\n\t\t\t\t\t\t\t\t\t<span class=\"elementor-button-text\">Know More<\/span>\n\t\t\t\t\t<\/span>\n\t\t\t\t\t<\/a>\n\t\t\t\t<\/div>\n\t\t\t\t\t\t\t\t<\/div>\n\t\t\t\t<\/div>\n\t\t\t\t<\/div>\n\t\t<div class=\"elementor-element elementor-element-26342c2 e-con-full e-flex e-con e-child\" data-id=\"26342c2\" data-element_type=\"container\">\n\t\t\t\t<div class=\"elementor-element elementor-element-d1dcc3c elementor-widget__width-initial elementor-widget elementor-widget-image\" data-id=\"d1dcc3c\" data-element_type=\"widget\" data-widget_type=\"image.default\">\n\t\t\t\t<div class=\"elementor-widget-container\">\n\t\t\t\t\t\t\t\t\t\t\t\t\t\t\t<img decoding=\"async\" width=\"1200\" height=\"1800\" src=\"https:\/\/facegestaosistemica.com.br\/wp-content\/uploads\/2025\/05\/FACE-Gestao-Sistemica-Silvana-Zanin-de-Medeiros-8.webp\" class=\"attachment-full size-full wp-image-2150\" alt=\"\" srcset=\"https:\/\/facegestaosistemica.com.br\/wp-content\/uploads\/2025\/05\/FACE-Gestao-Sistemica-Silvana-Zanin-de-Medeiros-8.webp 1200w, https:\/\/facegestaosistemica.com.br\/wp-content\/uploads\/2025\/05\/FACE-Gestao-Sistemica-Silvana-Zanin-de-Medeiros-8-200x300.webp 200w, https:\/\/facegestaosistemica.com.br\/wp-content\/uploads\/2025\/05\/FACE-Gestao-Sistemica-Silvana-Zanin-de-Medeiros-8-683x1024.webp 683w, https:\/\/facegestaosistemica.com.br\/wp-content\/uploads\/2025\/05\/FACE-Gestao-Sistemica-Silvana-Zanin-de-Medeiros-8-768x1152.webp 768w, https:\/\/facegestaosistemica.com.br\/wp-content\/uploads\/2025\/05\/FACE-Gestao-Sistemica-Silvana-Zanin-de-Medeiros-8-1024x1536.webp 1024w, https:\/\/facegestaosistemica.com.br\/wp-content\/uploads\/2025\/05\/FACE-Gestao-Sistemica-Silvana-Zanin-de-Medeiros-8-8x12.webp 8w\" sizes=\"(max-width: 1200px) 100vw, 1200px\" \/>\t\t\t\t\t\t\t\t\t\t\t\t\t\t\t<\/div>\n\t\t\t\t<\/div>\n\t\t\t\t<\/div>\n\t\t\t\t\t<\/div>\n\t\t\t\t<\/div>\n\t\t<div class=\"elementor-element elementor-element-3d1bef04 e-flex e-con-boxed e-con e-parent\" data-id=\"3d1bef04\" data-element_type=\"container\" data-settings=\"{&quot;background_background&quot;:&quot;classic&quot;}\">\n\t\t\t\t\t<div class=\"e-con-inner\">\n\t\t<div class=\"elementor-element elementor-element-489f3e91 e-con-full e-flex elementor-invisible e-con e-child\" data-id=\"489f3e91\" data-element_type=\"container\" data-settings=\"{&quot;background_background&quot;:&quot;classic&quot;,&quot;animation&quot;:&quot;fadeIn&quot;}\">\n\t\t\t\t<div class=\"elementor-element elementor-element-49b6bbb6 elementor-widget elementor-widget-image\" data-id=\"49b6bbb6\" data-element_type=\"widget\" data-widget_type=\"image.default\">\n\t\t\t\t<div class=\"elementor-widget-container\">\n\t\t\t\t\t\t\t\t\t\t\t\t\t\t\t<img loading=\"lazy\" decoding=\"async\" width=\"2162\" height=\"878\" src=\"https:\/\/facegestaosistemica.com.br\/wp-content\/uploads\/2025\/04\/Face-Gestao-Sistemica-Logo-Verde.webp\" class=\"attachment-full size-full wp-image-2035\" alt=\"\" srcset=\"https:\/\/facegestaosistemica.com.br\/wp-content\/uploads\/2025\/04\/Face-Gestao-Sistemica-Logo-Verde.webp 2162w, https:\/\/facegestaosistemica.com.br\/wp-content\/uploads\/2025\/04\/Face-Gestao-Sistemica-Logo-Verde-300x122.webp 300w, https:\/\/facegestaosistemica.com.br\/wp-content\/uploads\/2025\/04\/Face-Gestao-Sistemica-Logo-Verde-1024x416.webp 1024w, https:\/\/facegestaosistemica.com.br\/wp-content\/uploads\/2025\/04\/Face-Gestao-Sistemica-Logo-Verde-768x312.webp 768w, https:\/\/facegestaosistemica.com.br\/wp-content\/uploads\/2025\/04\/Face-Gestao-Sistemica-Logo-Verde-1536x624.webp 1536w, https:\/\/facegestaosistemica.com.br\/wp-content\/uploads\/2025\/04\/Face-Gestao-Sistemica-Logo-Verde-2048x832.webp 2048w, https:\/\/facegestaosistemica.com.br\/wp-content\/uploads\/2025\/04\/Face-Gestao-Sistemica-Logo-Verde-18x7.webp 18w\" sizes=\"(max-width: 2162px) 100vw, 2162px\" \/>\t\t\t\t\t\t\t\t\t\t\t\t\t\t\t<\/div>\n\t\t\t\t<\/div>\n\t\t\t\t<div class=\"elementor-element elementor-element-cd6510c elementor-invisible elementor-widget elementor-widget-text-editor\" data-id=\"cd6510c\" data-element_type=\"widget\" data-settings=\"{&quot;_animation&quot;:&quot;fadeIn&quot;}\" data-widget_type=\"text-editor.default\">\n\t\t\t\t<div class=\"elementor-widget-container\">\n\t\t\t\t\t\t\t\t\t<p>TRANSFORMA\u00c7\u00c3O HUMANA E ORGANIZACIONAL<\/p>\t\t\t\t\t\t\t\t<\/div>\n\t\t\t\t<\/div>\n\t\t\t\t<div class=\"elementor-element elementor-element-73d546e elementor-invisible elementor-widget elementor-widget-heading\" data-id=\"73d546e\" data-element_type=\"widget\" data-settings=\"{&quot;_animation&quot;:&quot;fadeIn&quot;,&quot;_animation_delay&quot;:200}\" data-widget_type=\"heading.default\">\n\t\t\t\t<div class=\"elementor-widget-container\">\n\t\t\t\t\t<h2 class=\"elementor-heading-title elementor-size-default\">Sua Empresa com Consci\u00eancia e Prop\u00f3sito<\/h2>\t\t\t\t<\/div>\n\t\t\t\t<\/div>\n\t\t\t\t<div class=\"elementor-element elementor-element-7556ffc8 elementor-widget-divider--view-line elementor-invisible elementor-widget elementor-widget-divider\" data-id=\"7556ffc8\" data-element_type=\"widget\" data-settings=\"{&quot;_animation&quot;:&quot;fadeIn&quot;,&quot;_animation_delay&quot;:500}\" data-widget_type=\"divider.default\">\n\t\t\t\t<div class=\"elementor-widget-container\">\n\t\t\t\t\t\t\t<div class=\"elementor-divider\">\n\t\t\t<span class=\"elementor-divider-separator\">\n\t\t\t\t\t\t<\/span>\n\t\t<\/div>\n\t\t\t\t\t\t<\/div>\n\t\t\t\t<\/div>\n\t\t\t\t<div class=\"elementor-element elementor-element-199fd193 elementor-widget elementor-widget-text-editor\" data-id=\"199fd193\" data-element_type=\"widget\" data-widget_type=\"text-editor.default\">\n\t\t\t\t<div class=\"elementor-widget-container\">\n\t\t\t\t\t\t\t\t\t<p>Da escuta atenta \u00e0 resolu\u00e7\u00e3o de conflitos e \u00e0 constru\u00e7\u00e3o de solu\u00e7\u00f5es, buscamos autenticidade, equil\u00edbrio e desenvolvimento integral.<\/p><p>Com um olhar cuidadoso para o neg\u00f3cio e uma conex\u00e3o genu\u00edna com as pessoas, caminhamos junto aos nossos clientes rumo a um novo tempo organizacional, construindo ambientes mais seguros e acolhedores, fortalecendo as rela\u00e7\u00f5es e reduzindo os passivos trabalhistas e sociais que t\u00eam origem nas rela\u00e7\u00f5es e impactam diretamente as empresas.<\/p>\t\t\t\t\t\t\t\t<\/div>\n\t\t\t\t<\/div>\n\t\t\t\t<div class=\"elementor-element elementor-element-67dadee2 elementor-align-left elementor-mobile-align-center elementor-invisible elementor-widget elementor-widget-button\" data-id=\"67dadee2\" data-element_type=\"widget\" data-settings=\"{&quot;_animation&quot;:&quot;fadeIn&quot;,&quot;_animation_delay&quot;:400}\" data-widget_type=\"button.default\">\n\t\t\t\t<div class=\"elementor-widget-container\">\n\t\t\t\t\t\t\t\t\t<div class=\"elementor-button-wrapper\">\n\t\t\t\t\t<a class=\"elementor-button elementor-button-link elementor-size-sm\" href=\"https:\/\/facegestaosistemica.com.br\/en\/download\/\">\n\t\t\t\t\t\t<span class=\"elementor-button-content-wrapper\">\n\t\t\t\t\t\t\t\t\t<span class=\"elementor-button-text\">Request Presentation<\/span>\n\t\t\t\t\t<\/span>\n\t\t\t\t\t<\/a>\n\t\t\t\t<\/div>\n\t\t\t\t\t\t\t\t<\/div>\n\t\t\t\t<\/div>\n\t\t\t\t<\/div>\n\t\t\t\t\t<\/div>\n\t\t\t\t<\/div>\n\t\t\t\t<\/div>","protected":false},"excerpt":{"rendered":"<p>Nossa Hist\u00f3ria Home Quem Somos NOSSA HIST\u00d3RIA FACE &#8211; Gest\u00e3o Humana Sist\u00eamica Estrutural Idealizada a partir da vis\u00e3o e experi\u00eancia das empres\u00e1rias Joana do Nascimento Pennacchi e Silvana Zanin Medeiros, a FACE &#8211; Gest\u00e3o Humana Sist\u00eamica Estrutural nasce com o prop\u00f3sito de facilitar a conex\u00e3o e o desenvolvimento de indiv\u00edduos, grupos e sistemas empresariais. A [&hellip;]<\/p>","protected":false},"author":2,"featured_media":0,"parent":0,"menu_order":0,"comment_status":"closed","ping_status":"closed","template":"elementor_header_footer","meta":{"_joinchat":[],"footnotes":""},"class_list":["post-194","page","type-page","status-publish","hentry"],"_links":{"self":[{"href":"https:\/\/facegestaosistemica.com.br\/en\/wp-json\/wp\/v2\/pages\/194","targetHints":{"allow":["GET"]}}],"collection":[{"href":"https:\/\/facegestaosistemica.com.br\/en\/wp-json\/wp\/v2\/pages"}],"about":[{"href":"https:\/\/facegestaosistemica.com.br\/en\/wp-json\/wp\/v2\/types\/page"}],"author":[{"embeddable":true,"href":"https:\/\/facegestaosistemica.com.br\/en\/wp-json\/wp\/v2\/users\/2"}],"replies":[{"embeddable":true,"href":"https:\/\/facegestaosistemica.com.br\/en\/wp-json\/wp\/v2\/comments?post=194"}],"version-history":[{"count":70,"href":"https:\/\/facegestaosistemica.com.br\/en\/wp-json\/wp\/v2\/pages\/194\/revisions"}],"predecessor-version":[{"id":2442,"href":"https:\/\/facegestaosistemica.com.br\/en\/wp-json\/wp\/v2\/pages\/194\/revisions\/2442"}],"wp:attachment":[{"href":"https:\/\/facegestaosistemica.com.br\/en\/wp-json\/wp\/v2\/media?parent=194"}],"curies":[{"name":"wp","href":"https:\/\/api.w.org\/{rel}","templated":true}]}}